{"id":249070,"date":"2025-05-21T17:31:30","date_gmt":"2025-05-21T15:31:30","guid":{"rendered":"https:\/\/mentta.fastdelivery.es\/index.php\/producto\/cafe-tassimo-fortissimo-intensidad-10-16-capsulas\/"},"modified":"2026-03-10T17:13:58","modified_gmt":"2026-03-10T16:13:58","slug":"cafe-tassimo-fortissimo-intensidad-10-16-capsulas","status":"publish","type":"product","link":"https:\/\/mentta.fastdelivery.es\/index.php\/producto\/cafe-tassimo-fortissimo-intensidad-10-16-capsulas\/","title":{"rendered":"CAFE TASSIMO FORTISSIMO INTENSIDAD 10 16 CAPSULAS"},"content":{"rendered":"<p>Descubre el sabor intenso del caf\u00e9 Tassimo Fortissimo con intensidad 10. C\u00e1psulas dise\u00f1adas para ofrecer un espresso fuerte y arom\u00e1tico, perfecto para quienes buscan un caf\u00e9 con car\u00e1cter desde la primera taza.<\/p>\n","protected":false},"excerpt":{"rendered":"<p>Caf\u00e9 Tassimo Fortissimo, intensidad 10, c\u00e1psulas potentes, pack de 16.<\/p>\n","protected":false},"featured_media":249069,"comment_status":"open","ping_status":"closed","template":"","meta":[],"product_brand":[],"product_cat":[152,142],"product_tag":[],"class_list":{"0":"post-249070","1":"product","2":"type-product","3":"status-publish","4":"has-post-thumbnail","6":"product_cat-cafe","7":"product_cat-despensa","9":"first","10":"instock","11":"shipping-taxable","12":"purchasable","13":"product-type-simple"},"_links":{"self":[{"href":"https:\/\/mentta.fastdelivery.es\/index.php\/wp-json\/wp\/v2\/product\/249070","targetHints":{"allow":["GET"]}}],"collection":[{"href":"https:\/\/mentta.fastdelivery.es\/index.php\/wp-json\/wp\/v2\/product"}],"about":[{"href":"https:\/\/mentta.fastdelivery.es\/index.php\/wp-json\/wp\/v2\/types\/product"}],"replies":[{"embeddable":true,"href":"https:\/\/mentta.fastdelivery.es\/index.php\/wp-json\/wp\/v2\/comments?post=249070"}],"wp:featuredmedia":[{"embeddable":true,"href":"https:\/\/mentta.fastdelivery.es\/index.php\/wp-json\/wp\/v2\/media\/249069"}],"wp:attachment":[{"href":"https:\/\/mentta.fastdelivery.es\/index.php\/wp-json\/wp\/v2\/media?parent=249070"}],"wp:term":[{"taxonomy":"product_brand","embeddable":true,"href":"https:\/\/mentta.fastdelivery.es\/index.php\/wp-json\/wp\/v2\/product_brand?post=249070"},{"taxonomy":"product_cat","embeddable":true,"href":"https:\/\/mentta.fastdelivery.es\/index.php\/wp-json\/wp\/v2\/product_cat?post=249070"},{"taxonomy":"product_tag","embeddable":true,"href":"https:\/\/mentta.fastdelivery.es\/index.php\/wp-json\/wp\/v2\/product_tag?post=249070"}],"curies":[{"name":"wp","href":"https:\/\/api.w.org\/{rel}","templated":true}]}}