{"id":249074,"date":"2025-05-21T17:31:42","date_gmt":"2025-05-21T15:31:42","guid":{"rendered":"https:\/\/mentta.fastdelivery.es\/index.php\/producto\/cafe-tassimo-capuccino-8-capsulas\/"},"modified":"2026-03-10T17:13:58","modified_gmt":"2026-03-10T16:13:58","slug":"cafe-tassimo-capuccino-8-capsulas","status":"publish","type":"product","link":"https:\/\/mentta.fastdelivery.es\/index.php\/producto\/cafe-tassimo-capuccino-8-capsulas\/","title":{"rendered":"CAFE TASSIMO CAPUCCINO 8 CAPSULAS"},"content":{"rendered":"<p>Prepara un aut\u00e9ntico cappuccino en casa con las c\u00e1psulas Tassimo. Combina un caf\u00e9 intenso con una cremosa capa de leche espumosa para una experiencia de cafeter\u00eda sin salir de casa. Pack de 8 c\u00e1psulas.<\/p>\n","protected":false},"excerpt":{"rendered":"<p>C\u00e1psulas Tassimo Cappuccino, espresso con leche espumosa, 8 unidades.<\/p>\n","protected":false},"featured_media":249073,"comment_status":"open","ping_status":"closed","template":"","meta":[],"product_brand":[],"product_cat":[152,142],"product_tag":[],"class_list":{"0":"post-249074","1":"product","2":"type-product","3":"status-publish","4":"has-post-thumbnail","6":"product_cat-cafe","7":"product_cat-despensa","9":"first","10":"instock","11":"shipping-taxable","12":"purchasable","13":"product-type-simple"},"_links":{"self":[{"href":"https:\/\/mentta.fastdelivery.es\/index.php\/wp-json\/wp\/v2\/product\/249074","targetHints":{"allow":["GET"]}}],"collection":[{"href":"https:\/\/mentta.fastdelivery.es\/index.php\/wp-json\/wp\/v2\/product"}],"about":[{"href":"https:\/\/mentta.fastdelivery.es\/index.php\/wp-json\/wp\/v2\/types\/product"}],"replies":[{"embeddable":true,"href":"https:\/\/mentta.fastdelivery.es\/index.php\/wp-json\/wp\/v2\/comments?post=249074"}],"wp:featuredmedia":[{"embeddable":true,"href":"https:\/\/mentta.fastdelivery.es\/index.php\/wp-json\/wp\/v2\/media\/249073"}],"wp:attachment":[{"href":"https:\/\/mentta.fastdelivery.es\/index.php\/wp-json\/wp\/v2\/media?parent=249074"}],"wp:term":[{"taxonomy":"product_brand","embeddable":true,"href":"https:\/\/mentta.fastdelivery.es\/index.php\/wp-json\/wp\/v2\/product_brand?post=249074"},{"taxonomy":"product_cat","embeddable":true,"href":"https:\/\/mentta.fastdelivery.es\/index.php\/wp-json\/wp\/v2\/product_cat?post=249074"},{"taxonomy":"product_tag","embeddable":true,"href":"https:\/\/mentta.fastdelivery.es\/index.php\/wp-json\/wp\/v2\/product_tag?post=249074"}],"curies":[{"name":"wp","href":"https:\/\/api.w.org\/{rel}","templated":true}]}}