{"id":249076,"date":"2025-05-21T17:31:44","date_gmt":"2025-05-21T15:31:44","guid":{"rendered":"https:\/\/mentta.fastdelivery.es\/index.php\/producto\/cafe-tassimo-marcilla-espresso-16-capsulas\/"},"modified":"2026-03-10T17:13:58","modified_gmt":"2026-03-10T16:13:58","slug":"cafe-tassimo-marcilla-espresso-16-capsulas","status":"publish","type":"product","link":"https:\/\/mentta.fastdelivery.es\/index.php\/producto\/cafe-tassimo-marcilla-espresso-16-capsulas\/","title":{"rendered":"CAFE TASSIMO MARCILLA ESPRESSO 16 CAPSULAS"},"content":{"rendered":"<p>Las c\u00e1psulas Tassimo Marcilla Espresso te ofrecen un caf\u00e9 corto y arom\u00e1tico con sabor intenso. Ideal para quienes disfrutan de un espresso cl\u00e1sico de calidad en cualquier momento del d\u00eda.<\/p>\n","protected":false},"excerpt":{"rendered":"<p>Espresso Marcilla Tassimo, sabor cl\u00e1sico y equilibrado, 16 c\u00e1psulas.<\/p>\n","protected":false},"featured_media":249075,"comment_status":"open","ping_status":"closed","template":"","meta":[],"product_brand":[],"product_cat":[152,142],"product_tag":[],"class_list":{"0":"post-249076","1":"product","2":"type-product","3":"status-publish","4":"has-post-thumbnail","6":"product_cat-cafe","7":"product_cat-despensa","9":"first","10":"instock","11":"shipping-taxable","12":"purchasable","13":"product-type-simple"},"_links":{"self":[{"href":"https:\/\/mentta.fastdelivery.es\/index.php\/wp-json\/wp\/v2\/product\/249076","targetHints":{"allow":["GET"]}}],"collection":[{"href":"https:\/\/mentta.fastdelivery.es\/index.php\/wp-json\/wp\/v2\/product"}],"about":[{"href":"https:\/\/mentta.fastdelivery.es\/index.php\/wp-json\/wp\/v2\/types\/product"}],"replies":[{"embeddable":true,"href":"https:\/\/mentta.fastdelivery.es\/index.php\/wp-json\/wp\/v2\/comments?post=249076"}],"wp:featuredmedia":[{"embeddable":true,"href":"https:\/\/mentta.fastdelivery.es\/index.php\/wp-json\/wp\/v2\/media\/249075"}],"wp:attachment":[{"href":"https:\/\/mentta.fastdelivery.es\/index.php\/wp-json\/wp\/v2\/media?parent=249076"}],"wp:term":[{"taxonomy":"product_brand","embeddable":true,"href":"https:\/\/mentta.fastdelivery.es\/index.php\/wp-json\/wp\/v2\/product_brand?post=249076"},{"taxonomy":"product_cat","embeddable":true,"href":"https:\/\/mentta.fastdelivery.es\/index.php\/wp-json\/wp\/v2\/product_cat?post=249076"},{"taxonomy":"product_tag","embeddable":true,"href":"https:\/\/mentta.fastdelivery.es\/index.php\/wp-json\/wp\/v2\/product_tag?post=249076"}],"curies":[{"name":"wp","href":"https:\/\/api.w.org\/{rel}","templated":true}]}}