{"id":249080,"date":"2025-05-21T17:31:47","date_gmt":"2025-05-21T15:31:47","guid":{"rendered":"https:\/\/mentta.fastdelivery.es\/index.php\/producto\/chocolate-en-polvo-valor-500-grs\/"},"modified":"2026-03-10T17:13:58","modified_gmt":"2026-03-10T16:13:58","slug":"chocolate-en-polvo-valor-500-grs","status":"publish","type":"product","link":"https:\/\/mentta.fastdelivery.es\/index.php\/producto\/chocolate-en-polvo-valor-500-grs\/","title":{"rendered":"CHOCOLATE EN POLVO VALOR 500 GRS"},"content":{"rendered":"<p>El chocolate en polvo Valor es perfecto para preparar chocolate a la taza cremoso y delicioso. Tambi\u00e9n ideal para reposter\u00eda y postres caseros. Su sabor intenso a cacao lo convierte en un b\u00e1sico en tu cocina.<\/p>\n","protected":false},"excerpt":{"rendered":"<p>Chocolate en polvo Valor, ideal para taza o reposter\u00eda, 500g.<\/p>\n","protected":false},"featured_media":249079,"comment_status":"open","ping_status":"closed","template":"","meta":[],"product_brand":[],"product_cat":[72,70,42,142],"product_tag":[],"class_list":{"0":"post-249080","1":"product","2":"type-product","3":"status-publish","4":"has-post-thumbnail","6":"product_cat-azucar-caramelos-y-chocolate","7":"product_cat-batidos","8":"product_cat-bebidas-y-lacteos","9":"product_cat-despensa","11":"first","12":"instock","13":"shipping-taxable","14":"purchasable","15":"product-type-simple"},"_links":{"self":[{"href":"https:\/\/mentta.fastdelivery.es\/index.php\/wp-json\/wp\/v2\/product\/249080","targetHints":{"allow":["GET"]}}],"collection":[{"href":"https:\/\/mentta.fastdelivery.es\/index.php\/wp-json\/wp\/v2\/product"}],"about":[{"href":"https:\/\/mentta.fastdelivery.es\/index.php\/wp-json\/wp\/v2\/types\/product"}],"replies":[{"embeddable":true,"href":"https:\/\/mentta.fastdelivery.es\/index.php\/wp-json\/wp\/v2\/comments?post=249080"}],"wp:featuredmedia":[{"embeddable":true,"href":"https:\/\/mentta.fastdelivery.es\/index.php\/wp-json\/wp\/v2\/media\/249079"}],"wp:attachment":[{"href":"https:\/\/mentta.fastdelivery.es\/index.php\/wp-json\/wp\/v2\/media?parent=249080"}],"wp:term":[{"taxonomy":"product_brand","embeddable":true,"href":"https:\/\/mentta.fastdelivery.es\/index.php\/wp-json\/wp\/v2\/product_brand?post=249080"},{"taxonomy":"product_cat","embeddable":true,"href":"https:\/\/mentta.fastdelivery.es\/index.php\/wp-json\/wp\/v2\/product_cat?post=249080"},{"taxonomy":"product_tag","embeddable":true,"href":"https:\/\/mentta.fastdelivery.es\/index.php\/wp-json\/wp\/v2\/product_tag?post=249080"}],"curies":[{"name":"wp","href":"https:\/\/api.w.org\/{rel}","templated":true}]}}