{"id":249180,"date":"2025-06-11T20:08:01","date_gmt":"2025-06-11T18:08:01","guid":{"rendered":"https:\/\/mentta.fastdelivery.es\/?post_type=product&#038;p=249180"},"modified":"2026-03-10T17:13:58","modified_gmt":"2026-03-10T16:13:58","slug":"filete-ternera-rosada-600-gr-aprox-corte-grueso","status":"publish","type":"product","link":"https:\/\/mentta.fastdelivery.es\/index.php\/producto\/filete-ternera-rosada-600-gr-aprox-corte-grueso\/","title":{"rendered":"Filete Ternera Rosada 600 gr aprox. ( Corte Grueso )"},"content":{"rendered":"<p>Estos filetes de Ternera Rosada, pertenecientes a la cara anterior del muslo de la ternera, presentan una carne tierna y jugosa.<\/p>\n<p>Gracias a su ternura son ideales para cocinarlos a la plancha o empanados.<\/p>\n<p>&nbsp;<\/p>\n<p>*Peso aprox del producto 600 gr.<\/p>\n<p>*En la preparaci\u00f3n de productos frescos puede existir una ligera variaci\u00f3n del precio final en funci\u00f3n del peso.<\/p>\n","protected":false},"excerpt":{"rendered":"<p>Estos filetes de Ternera Rosada, pertenecientes a la cara anterior del muslo de la ternera, presentan una carne tierna y jugosa. Gracias a su ternura son ideales para cocinarlos a la plancha o empanados. &nbsp; *Peso aprox del producto 600 gr. *En la preparaci\u00f3n de productos frescos puede existir una ligera variaci\u00f3n del precio final [&hellip;]<\/p>\n","protected":false},"featured_media":249181,"comment_status":"closed","ping_status":"closed","template":"","meta":[],"product_brand":[],"product_cat":[142,48],"product_tag":[],"class_list":{"0":"post-249180","1":"product","2":"type-product","3":"status-publish","4":"has-post-thumbnail","6":"product_cat-despensa","7":"product_cat-ternera","9":"first","10":"instock","11":"shipping-taxable","12":"purchasable","13":"product-type-simple"},"_links":{"self":[{"href":"https:\/\/mentta.fastdelivery.es\/index.php\/wp-json\/wp\/v2\/product\/249180","targetHints":{"allow":["GET"]}}],"collection":[{"href":"https:\/\/mentta.fastdelivery.es\/index.php\/wp-json\/wp\/v2\/product"}],"about":[{"href":"https:\/\/mentta.fastdelivery.es\/index.php\/wp-json\/wp\/v2\/types\/product"}],"replies":[{"embeddable":true,"href":"https:\/\/mentta.fastdelivery.es\/index.php\/wp-json\/wp\/v2\/comments?post=249180"}],"wp:featuredmedia":[{"embeddable":true,"href":"https:\/\/mentta.fastdelivery.es\/index.php\/wp-json\/wp\/v2\/media\/249181"}],"wp:attachment":[{"href":"https:\/\/mentta.fastdelivery.es\/index.php\/wp-json\/wp\/v2\/media?parent=249180"}],"wp:term":[{"taxonomy":"product_brand","embeddable":true,"href":"https:\/\/mentta.fastdelivery.es\/index.php\/wp-json\/wp\/v2\/product_brand?post=249180"},{"taxonomy":"product_cat","embeddable":true,"href":"https:\/\/mentta.fastdelivery.es\/index.php\/wp-json\/wp\/v2\/product_cat?post=249180"},{"taxonomy":"product_tag","embeddable":true,"href":"https:\/\/mentta.fastdelivery.es\/index.php\/wp-json\/wp\/v2\/product_tag?post=249180"}],"curies":[{"name":"wp","href":"https:\/\/api.w.org\/{rel}","templated":true}]}}