{"id":249188,"date":"2025-06-18T13:37:21","date_gmt":"2025-06-18T11:37:21","guid":{"rendered":"https:\/\/mentta.fastdelivery.es\/?post_type=product&#038;p=249188"},"modified":"2026-03-10T17:13:57","modified_gmt":"2026-03-10T16:13:57","slug":"jamon-serrano-500-gr","status":"publish","type":"product","link":"https:\/\/mentta.fastdelivery.es\/index.php\/producto\/jamon-serrano-500-gr\/","title":{"rendered":"Jam\u00f3n Serrano 500 gr"},"content":{"rendered":"<p data-start=\"403\" data-end=\"705\">Descubre el aut\u00e9ntico sabor de Espa\u00f1a con nuestro <strong data-start=\"453\" data-end=\"477\">Jam\u00f3n Serrano 500 GR<\/strong>, curado lentamente siguiendo los m\u00e9todos tradicionales. Este jam\u00f3n de alta calidad destaca por su aroma intenso, textura firme y sabor equilibrado, resultado de un proceso de curaci\u00f3n natural que puede durar entre 9 y 12 meses.<\/p>\n<p data-start=\"707\" data-end=\"955\">Perfecto para acompa\u00f1ar tus aperitivos, preparar bocadillos gourmet o presentar en una tabla de embutidos. El formato de 500 gramos es ideal para hogares, restaurantes o eventos que deseen ofrecer un producto emblem\u00e1tico de la gastronom\u00eda espa\u00f1ola.<\/p>\n<p data-start=\"957\" data-end=\"974\">\u2705 <strong data-start=\"959\" data-end=\"974\">Beneficios:<\/strong><\/p>\n<ul data-start=\"975\" data-end=\"1075\">\n<li data-start=\"975\" data-end=\"1006\">\n<p data-start=\"977\" data-end=\"1006\">Alto contenido en prote\u00ednas<\/p>\n<\/li>\n<li data-start=\"1007\" data-end=\"1027\">\n<p data-start=\"1009\" data-end=\"1027\">Bajo en az\u00facares<\/p>\n<\/li>\n<li data-start=\"1028\" data-end=\"1075\">\n<p data-start=\"1030\" data-end=\"1075\">Fuente natural de vitaminas B1, B6 y hierro<\/p>\n<\/li>\n<\/ul>\n<p data-start=\"1077\" data-end=\"1101\">\u2705 <strong data-start=\"1079\" data-end=\"1101\">Usos recomendados:<\/strong><\/p>\n<ul data-start=\"1102\" data-end=\"1199\">\n<li data-start=\"1102\" data-end=\"1123\">\n<p data-start=\"1104\" data-end=\"1123\">Tapas y entrantes<\/p>\n<\/li>\n<li data-start=\"1124\" data-end=\"1151\">\n<p data-start=\"1126\" data-end=\"1151\">Bocadillos y s\u00e1ndwiches<\/p>\n<\/li>\n<li data-start=\"1152\" data-end=\"1199\">\n<p data-start=\"1154\" data-end=\"1199\">Acompa\u00f1ado de pan con tomate, quesos y vino<\/p>\n<\/li>\n<\/ul>\n<p data-start=\"1201\" data-end=\"1328\">A\u00f1ade a tu despensa el inconfundible sabor del <strong data-start=\"1248\" data-end=\"1286\">Jam\u00f3n Serrano en formato de 500 GR<\/strong>, y lleva la tradici\u00f3n espa\u00f1ola a tu mesa.<\/p>\n","protected":false},"excerpt":{"rendered":"<p>Delicioso Jam\u00f3n Serrano curado naturalmente, en formato de 500 gramos. Ideal para tapas, bocadillos y tablas de embutidos. Sabor aut\u00e9ntico espa\u00f1ol.<\/p>\n","protected":false},"featured_media":249189,"comment_status":"closed","ping_status":"closed","template":"","meta":[],"product_brand":[],"product_cat":[142,66],"product_tag":[],"class_list":{"0":"post-249188","1":"product","2":"type-product","3":"status-publish","4":"has-post-thumbnail","6":"product_cat-despensa","7":"product_cat-jamones-y-paletas","9":"first","10":"instock","11":"shipping-taxable","12":"purchasable","13":"product-type-simple"},"_links":{"self":[{"href":"https:\/\/mentta.fastdelivery.es\/index.php\/wp-json\/wp\/v2\/product\/249188","targetHints":{"allow":["GET"]}}],"collection":[{"href":"https:\/\/mentta.fastdelivery.es\/index.php\/wp-json\/wp\/v2\/product"}],"about":[{"href":"https:\/\/mentta.fastdelivery.es\/index.php\/wp-json\/wp\/v2\/types\/product"}],"replies":[{"embeddable":true,"href":"https:\/\/mentta.fastdelivery.es\/index.php\/wp-json\/wp\/v2\/comments?post=249188"}],"wp:featuredmedia":[{"embeddable":true,"href":"https:\/\/mentta.fastdelivery.es\/index.php\/wp-json\/wp\/v2\/media\/249189"}],"wp:attachment":[{"href":"https:\/\/mentta.fastdelivery.es\/index.php\/wp-json\/wp\/v2\/media?parent=249188"}],"wp:term":[{"taxonomy":"product_brand","embeddable":true,"href":"https:\/\/mentta.fastdelivery.es\/index.php\/wp-json\/wp\/v2\/product_brand?post=249188"},{"taxonomy":"product_cat","embeddable":true,"href":"https:\/\/mentta.fastdelivery.es\/index.php\/wp-json\/wp\/v2\/product_cat?post=249188"},{"taxonomy":"product_tag","embeddable":true,"href":"https:\/\/mentta.fastdelivery.es\/index.php\/wp-json\/wp\/v2\/product_tag?post=249188"}],"curies":[{"name":"wp","href":"https:\/\/api.w.org\/{rel}","templated":true}]}}