{"id":249213,"date":"2025-07-09T16:04:38","date_gmt":"2025-07-09T14:04:38","guid":{"rendered":"https:\/\/mentta.fastdelivery.es\/?post_type=product&#038;p=249213"},"modified":"2026-03-10T17:13:57","modified_gmt":"2026-03-10T16:13:57","slug":"berenjena-extra-1kg","status":"publish","type":"product","link":"https:\/\/mentta.fastdelivery.es\/index.php\/producto\/berenjena-extra-1kg\/","title":{"rendered":"Berenjena Extra 1kg"},"content":{"rendered":"<p>La\u00a0<strong>berenjenas<\/strong>\u00a0son muy bajas en calor\u00edas y muy hidratantes por su alto contenido en agua. Son muy nutritivas, est\u00e1n llenas de fibra, antioxidantes, ayudan a prevenir la artritis,\u00a0reducen triglic\u00e9ridos y colesterol en sangre.<\/p>\n<p>Son una\u00a0<strong>verdura<\/strong>\u00a0llena de vitaminas como la vitamina A, vitaminas del grupo B, vitamina C, \u00e1cido f\u00f3lico y es rica en minerales como el Potasio, Hierro, F\u00f3sforo, Magnesio\u00a0y Calcio<\/p>\n","protected":false},"excerpt":{"rendered":"<p>Las\u00a0<strong>berenjenas<\/strong>\u00a0son de color morado intenso, tienen forma de pera, su piel es lisa, uniforme y brillante.<\/p>\n<p>Es una\u00a0<strong>hortaliza<\/strong>\u00a0muy carnosa, tierna\u00a0y con un\u00a0sabor ligeramente amargo.<\/p>\n<p>*Peso aprox del producto 1kg.<\/p>\n<p>*En la preparaci\u00f3n de productos frescos puede existir una ligera variaci\u00f3n del precio final en funci\u00f3n del peso.<\/p>\n","protected":false},"featured_media":249214,"comment_status":"open","ping_status":"closed","template":"","meta":[],"product_brand":[],"product_cat":[142,19],"product_tag":[],"class_list":{"0":"post-249213","1":"product","2":"type-product","3":"status-publish","4":"has-post-thumbnail","6":"product_cat-despensa","7":"product_cat-frutas-online","9":"first","10":"instock","11":"shipping-taxable","12":"purchasable","13":"product-type-simple"},"_links":{"self":[{"href":"https:\/\/mentta.fastdelivery.es\/index.php\/wp-json\/wp\/v2\/product\/249213","targetHints":{"allow":["GET"]}}],"collection":[{"href":"https:\/\/mentta.fastdelivery.es\/index.php\/wp-json\/wp\/v2\/product"}],"about":[{"href":"https:\/\/mentta.fastdelivery.es\/index.php\/wp-json\/wp\/v2\/types\/product"}],"replies":[{"embeddable":true,"href":"https:\/\/mentta.fastdelivery.es\/index.php\/wp-json\/wp\/v2\/comments?post=249213"}],"wp:featuredmedia":[{"embeddable":true,"href":"https:\/\/mentta.fastdelivery.es\/index.php\/wp-json\/wp\/v2\/media\/249214"}],"wp:attachment":[{"href":"https:\/\/mentta.fastdelivery.es\/index.php\/wp-json\/wp\/v2\/media?parent=249213"}],"wp:term":[{"taxonomy":"product_brand","embeddable":true,"href":"https:\/\/mentta.fastdelivery.es\/index.php\/wp-json\/wp\/v2\/product_brand?post=249213"},{"taxonomy":"product_cat","embeddable":true,"href":"https:\/\/mentta.fastdelivery.es\/index.php\/wp-json\/wp\/v2\/product_cat?post=249213"},{"taxonomy":"product_tag","embeddable":true,"href":"https:\/\/mentta.fastdelivery.es\/index.php\/wp-json\/wp\/v2\/product_tag?post=249213"}],"curies":[{"name":"wp","href":"https:\/\/api.w.org\/{rel}","templated":true}]}}