{"id":249215,"date":"2025-07-09T16:08:57","date_gmt":"2025-07-09T14:08:57","guid":{"rendered":"https:\/\/mentta.fastdelivery.es\/?post_type=product&#038;p=249215"},"modified":"2026-03-10T17:13:57","modified_gmt":"2026-03-10T16:13:57","slug":"calabacin-extra-1kg","status":"publish","type":"product","link":"https:\/\/mentta.fastdelivery.es\/index.php\/producto\/calabacin-extra-1kg\/","title":{"rendered":"Calabac\u00edn Extra 1kg"},"content":{"rendered":"<p data-start=\"494\" data-end=\"1123\">El <strong data-start=\"497\" data-end=\"510\">calabac\u00edn<\/strong>, tambi\u00e9n conocido como zucchini, es una hortaliza de la familia de las cucurbit\u00e1ceas que se caracteriza por su sabor suave y textura tierna. Muy utilizado en la cocina mediterr\u00e1nea y dietas saludables, el calabac\u00edn es bajo en calor\u00edas y rico en agua, fibra, vitamina C y antioxidantes naturales. Gracias a su versatilidad, puede prepararse al horno, salteado, relleno o incluso crudo en ensaladas. Adem\u00e1s de sus beneficios nutricionales, el calabac\u00edn ayuda a mejorar la digesti\u00f3n y a mantener una alimentaci\u00f3n equilibrada. Es ideal para personas que buscan recetas ligeras, vegetarianas o bajas en carbohidratos.<\/p>\n<p data-start=\"1125\" data-end=\"1253\"><em data-start=\"1125\" data-end=\"1253\">Palabras clave SEO: calabac\u00edn, beneficios del calabac\u00edn, recetas con calabac\u00edn, hortaliza saludable, propiedades del calabac\u00edn<\/em><\/p>\n","protected":false},"excerpt":{"rendered":"<p data-start=\"179\" data-end=\"357\">El calabac\u00edn es una hortaliza vers\u00e1til, ligera y rica en nutrientes. Ideal para recetas saludables, destaca por su sabor suave y su alto contenido en agua, fibra y antioxidantes.<\/p>\n<p data-start=\"359\" data-end=\"438\"><em data-start=\"359\" data-end=\"438\">Palabras clave SEO: calabac\u00edn, hortaliza saludable, propiedades del calabac\u00edn<\/em><\/p>\n","protected":false},"featured_media":0,"comment_status":"open","ping_status":"closed","template":"","meta":[],"product_brand":[],"product_cat":[142,19],"product_tag":[],"class_list":{"0":"post-249215","1":"product","2":"type-product","3":"status-publish","5":"product_cat-despensa","6":"product_cat-frutas-online","8":"first","9":"instock","10":"shipping-taxable","11":"purchasable","12":"product-type-simple"},"_links":{"self":[{"href":"https:\/\/mentta.fastdelivery.es\/index.php\/wp-json\/wp\/v2\/product\/249215","targetHints":{"allow":["GET"]}}],"collection":[{"href":"https:\/\/mentta.fastdelivery.es\/index.php\/wp-json\/wp\/v2\/product"}],"about":[{"href":"https:\/\/mentta.fastdelivery.es\/index.php\/wp-json\/wp\/v2\/types\/product"}],"replies":[{"embeddable":true,"href":"https:\/\/mentta.fastdelivery.es\/index.php\/wp-json\/wp\/v2\/comments?post=249215"}],"wp:attachment":[{"href":"https:\/\/mentta.fastdelivery.es\/index.php\/wp-json\/wp\/v2\/media?parent=249215"}],"wp:term":[{"taxonomy":"product_brand","embeddable":true,"href":"https:\/\/mentta.fastdelivery.es\/index.php\/wp-json\/wp\/v2\/product_brand?post=249215"},{"taxonomy":"product_cat","embeddable":true,"href":"https:\/\/mentta.fastdelivery.es\/index.php\/wp-json\/wp\/v2\/product_cat?post=249215"},{"taxonomy":"product_tag","embeddable":true,"href":"https:\/\/mentta.fastdelivery.es\/index.php\/wp-json\/wp\/v2\/product_tag?post=249215"}],"curies":[{"name":"wp","href":"https:\/\/api.w.org\/{rel}","templated":true}]}}