{"id":249223,"date":"2025-07-16T16:46:34","date_gmt":"2025-07-16T14:46:34","guid":{"rendered":"https:\/\/mentta.fastdelivery.es\/?post_type=product&#038;p=249223"},"modified":"2026-03-10T17:13:57","modified_gmt":"2026-03-10T16:13:57","slug":"1-2-cordero-preparado","status":"publish","type":"product","link":"https:\/\/mentta.fastdelivery.es\/index.php\/producto\/1-2-cordero-preparado\/","title":{"rendered":"1\/2 CORDERO PREPARADO"},"content":{"rendered":"<p><strong>Cordero Lechal<\/strong>\u00a0preparado y troceado para cocinar al gusto.<\/p>\n<p>Todos nuestros corderos lechales (lechazos) nacen y son criados en Segovia.<\/p>\n<p>Procede de cr\u00edas de entre dos y tres meses de edad y que han sido\u00a0<strong>alimentadas en exclusiva con leche materna.<\/strong><\/p>\n<p>Muy tierno y de inconfundible sabor, piezas de carne perfectas para preparar asados, guisos, estofados, barbacoa&#8230;<\/p>\n<p><strong>Su carne es extremadamente tierna y sabrosa<\/strong>.<\/p>\n<p>Piezas seleccionados minuciosamente para garantizar su tama\u00f1o y<strong>\u00a0calidad<\/strong>.<\/p>\n<p>La mejor opci\u00f3n para\u00a0<strong>comprar cordero lechal preparado online<\/strong>, \u00a1en 24 horas en tu casa!<\/p>\n<p>*Peso aprox del producto entre 3.5 &#8211; 4 kg.<\/p>\n<p>*En la preparaci\u00f3n de productos frescos puede existir una ligera variaci\u00f3n del precio final en funci\u00f3n del peso.<\/p>\n","protected":false},"excerpt":{"rendered":"<p>Cordero Lechal\u00a0preparado y troceado para cocinar al gusto. Todos nuestros corderos lechales (lechazos) nacen y son criados en Segovia. Procede de cr\u00edas de entre dos y tres meses de edad y que han sido\u00a0alimentadas en exclusiva con leche materna. Muy tierno y de inconfundible sabor, piezas de carne perfectas para preparar asados, guisos, estofados, barbacoa&#8230; [&hellip;]<\/p>\n","protected":false},"featured_media":249224,"comment_status":"closed","ping_status":"closed","template":"","meta":[],"product_brand":[],"product_cat":[52,142],"product_tag":[],"class_list":{"0":"post-249223","1":"product","2":"type-product","3":"status-publish","4":"has-post-thumbnail","6":"product_cat-cordero","7":"product_cat-despensa","9":"first","10":"instock","11":"shipping-taxable","12":"purchasable","13":"product-type-simple"},"_links":{"self":[{"href":"https:\/\/mentta.fastdelivery.es\/index.php\/wp-json\/wp\/v2\/product\/249223","targetHints":{"allow":["GET"]}}],"collection":[{"href":"https:\/\/mentta.fastdelivery.es\/index.php\/wp-json\/wp\/v2\/product"}],"about":[{"href":"https:\/\/mentta.fastdelivery.es\/index.php\/wp-json\/wp\/v2\/types\/product"}],"replies":[{"embeddable":true,"href":"https:\/\/mentta.fastdelivery.es\/index.php\/wp-json\/wp\/v2\/comments?post=249223"}],"wp:featuredmedia":[{"embeddable":true,"href":"https:\/\/mentta.fastdelivery.es\/index.php\/wp-json\/wp\/v2\/media\/249224"}],"wp:attachment":[{"href":"https:\/\/mentta.fastdelivery.es\/index.php\/wp-json\/wp\/v2\/media?parent=249223"}],"wp:term":[{"taxonomy":"product_brand","embeddable":true,"href":"https:\/\/mentta.fastdelivery.es\/index.php\/wp-json\/wp\/v2\/product_brand?post=249223"},{"taxonomy":"product_cat","embeddable":true,"href":"https:\/\/mentta.fastdelivery.es\/index.php\/wp-json\/wp\/v2\/product_cat?post=249223"},{"taxonomy":"product_tag","embeddable":true,"href":"https:\/\/mentta.fastdelivery.es\/index.php\/wp-json\/wp\/v2\/product_tag?post=249223"}],"curies":[{"name":"wp","href":"https:\/\/api.w.org\/{rel}","templated":true}]}}