{"id":249243,"date":"2025-08-04T12:09:59","date_gmt":"2025-08-04T10:09:59","guid":{"rendered":"https:\/\/mentta.fastdelivery.es\/?post_type=product&#038;p=249243"},"modified":"2026-03-10T17:13:57","modified_gmt":"2026-03-10T16:13:57","slug":"conejos-trozos-fresco","status":"publish","type":"product","link":"https:\/\/mentta.fastdelivery.es\/index.php\/producto\/conejos-trozos-fresco\/","title":{"rendered":"CONEJOS TROZOS FRESCO"},"content":{"rendered":"<p><strong>Conejo en trozos Fresco<\/strong>, carne blanca por excelencia con gran sabor.<\/p>\n<p>La carne de conejo, \u00a0forma parte de la dieta mediterr\u00e1nea, por sus cualidades nutricionales y gastron\u00f3micas.<\/p>\n<p>Aporta prote\u00ednas de alto valor biol\u00f3gico y se considera una carne magra o \u00abblanca\u00bb, por la cantidad y la calidad de su grasa.<\/p>\n<p>Especial para guisar con tomate, preparar paellas, con patatas, guisos con arroz, al ajillo&#8230;<\/p>\n<p>&nbsp;<\/p>\n<p>*Peso aprox del producto 900 gr<\/p>\n<p>*En la preparaci\u00f3n de productos frescos puede existir una ligera variaci\u00f3n del precio final en funci\u00f3n del peso.<\/p>\n","protected":false},"excerpt":{"rendered":"<p>Conejo en trozos Fresco, carne blanca por excelencia con gran sabor. La carne de conejo, \u00a0forma parte de la dieta mediterr\u00e1nea, por sus cualidades nutricionales y gastron\u00f3micas. Aporta prote\u00ednas de alto valor biol\u00f3gico y se considera una carne magra o \u00abblanca\u00bb, por la cantidad y la calidad de su grasa. Especial para guisar con tomate, [&hellip;]<\/p>\n","protected":false},"featured_media":246711,"comment_status":"closed","ping_status":"closed","template":"","meta":[],"product_brand":[],"product_cat":[47,54,142],"product_tag":[],"class_list":{"0":"post-249243","1":"product","2":"type-product","3":"status-publish","4":"has-post-thumbnail","6":"product_cat-carnes","7":"product_cat-conejo","8":"product_cat-despensa","10":"first","11":"instock","12":"shipping-taxable","13":"purchasable","14":"product-type-simple"},"_links":{"self":[{"href":"https:\/\/mentta.fastdelivery.es\/index.php\/wp-json\/wp\/v2\/product\/249243","targetHints":{"allow":["GET"]}}],"collection":[{"href":"https:\/\/mentta.fastdelivery.es\/index.php\/wp-json\/wp\/v2\/product"}],"about":[{"href":"https:\/\/mentta.fastdelivery.es\/index.php\/wp-json\/wp\/v2\/types\/product"}],"replies":[{"embeddable":true,"href":"https:\/\/mentta.fastdelivery.es\/index.php\/wp-json\/wp\/v2\/comments?post=249243"}],"wp:featuredmedia":[{"embeddable":true,"href":"https:\/\/mentta.fastdelivery.es\/index.php\/wp-json\/wp\/v2\/media\/246711"}],"wp:attachment":[{"href":"https:\/\/mentta.fastdelivery.es\/index.php\/wp-json\/wp\/v2\/media?parent=249243"}],"wp:term":[{"taxonomy":"product_brand","embeddable":true,"href":"https:\/\/mentta.fastdelivery.es\/index.php\/wp-json\/wp\/v2\/product_brand?post=249243"},{"taxonomy":"product_cat","embeddable":true,"href":"https:\/\/mentta.fastdelivery.es\/index.php\/wp-json\/wp\/v2\/product_cat?post=249243"},{"taxonomy":"product_tag","embeddable":true,"href":"https:\/\/mentta.fastdelivery.es\/index.php\/wp-json\/wp\/v2\/product_tag?post=249243"}],"curies":[{"name":"wp","href":"https:\/\/api.w.org\/{rel}","templated":true}]}}