{"id":249311,"date":"2025-08-21T12:54:10","date_gmt":"2025-08-21T10:54:10","guid":{"rendered":"https:\/\/mentta.fastdelivery.es\/?post_type=product&#038;p=249311"},"modified":"2026-03-10T17:13:56","modified_gmt":"2026-03-10T16:13:56","slug":"zumo-de-tomate-botellin-juver-200ml","status":"publish","type":"product","link":"https:\/\/mentta.fastdelivery.es\/index.php\/producto\/zumo-de-tomate-botellin-juver-200ml\/","title":{"rendered":"zumo de Tomate Botellin Juver 200ml"},"content":{"rendered":"<p>El Zumo de Tomate Juver Botell\u00edn 200ml es una bebida refrescante y natural elaborada con tomates seleccionados para ofrecer un sabor aut\u00e9ntico y lleno de frescura. Perfecto para tomar solo, como base para c\u00f3cteles o acompa\u00f1ar comidas saludables.<\/p>\n<p>Su pr\u00e1ctico formato de 200ml es ideal para llevar y disfrutar en cualquier momento del d\u00eda, aportando vitaminas y un toque natural a tu dieta diaria.<\/p>\n<ul>\n<li>\u00a0Zumo natural de tomate Juver<\/li>\n<li>Formato individual de 200ml<\/li>\n<li>Ideal para consumo directo o c\u00f3cteles<\/li>\n<li>Bebida saludable y refrescante<\/li>\n<\/ul>\n<p>Compra ahora el Zumo de Tomate Juver Botell\u00edn 200ml en nuestra tienda online y recibe un producto fresco con env\u00edo r\u00e1pido y seguro.<\/p>\n","protected":false},"excerpt":{"rendered":"<p>Zumo de Tomate Juver Botell\u00edn 200ml. es ideal para llevar y disfrutar en cualquier momento del d\u00eda, aportando vitaminas y un toque natural a tu dieta diaria.<\/p>\n<p>Adem\u00e1s de ser una bebida refrescante, tambi\u00e9n puede utilizarse como ingrediente base en c\u00f3cteles saludables o recetas gourmet. Disfr\u00fatalo bien fr\u00edo y descubre una forma diferente de consumir tomate, sin renunciar al sabor ni a la calidad.<\/p>\n","protected":false},"featured_media":249364,"comment_status":"open","ping_status":"closed","template":"","meta":[],"product_brand":[],"product_cat":[142,156],"product_tag":[],"class_list":{"0":"post-249311","1":"product","2":"type-product","3":"status-publish","4":"has-post-thumbnail","6":"product_cat-despensa","7":"product_cat-zumos","9":"first","10":"instock","11":"shipping-taxable","12":"purchasable","13":"product-type-simple"},"_links":{"self":[{"href":"https:\/\/mentta.fastdelivery.es\/index.php\/wp-json\/wp\/v2\/product\/249311","targetHints":{"allow":["GET"]}}],"collection":[{"href":"https:\/\/mentta.fastdelivery.es\/index.php\/wp-json\/wp\/v2\/product"}],"about":[{"href":"https:\/\/mentta.fastdelivery.es\/index.php\/wp-json\/wp\/v2\/types\/product"}],"replies":[{"embeddable":true,"href":"https:\/\/mentta.fastdelivery.es\/index.php\/wp-json\/wp\/v2\/comments?post=249311"}],"wp:featuredmedia":[{"embeddable":true,"href":"https:\/\/mentta.fastdelivery.es\/index.php\/wp-json\/wp\/v2\/media\/249364"}],"wp:attachment":[{"href":"https:\/\/mentta.fastdelivery.es\/index.php\/wp-json\/wp\/v2\/media?parent=249311"}],"wp:term":[{"taxonomy":"product_brand","embeddable":true,"href":"https:\/\/mentta.fastdelivery.es\/index.php\/wp-json\/wp\/v2\/product_brand?post=249311"},{"taxonomy":"product_cat","embeddable":true,"href":"https:\/\/mentta.fastdelivery.es\/index.php\/wp-json\/wp\/v2\/product_cat?post=249311"},{"taxonomy":"product_tag","embeddable":true,"href":"https:\/\/mentta.fastdelivery.es\/index.php\/wp-json\/wp\/v2\/product_tag?post=249311"}],"curies":[{"name":"wp","href":"https:\/\/api.w.org\/{rel}","templated":true}]}}