{"id":249331,"date":"2025-08-21T12:54:31","date_gmt":"2025-08-21T10:54:31","guid":{"rendered":"https:\/\/mentta.fastdelivery.es\/?post_type=product&#038;p=249331"},"modified":"2026-03-10T17:13:56","modified_gmt":"2026-03-10T16:13:56","slug":"zumo-eliges-melocoton-uva-100","status":"publish","type":"product","link":"https:\/\/mentta.fastdelivery.es\/index.php\/producto\/zumo-eliges-melocoton-uva-100\/","title":{"rendered":"Zumo Eliges Melocoton-uva 100%"},"content":{"rendered":"<p>El Zumo de Melocot\u00f3n y Uva 100% Eliges 1L combina lo mejor de la fruta natural, con un sabor dulce y equilibrado. Elaborado solo con zumo de frutas exprimidas, sin az\u00facares a\u00f1adidos ni conservantes, es ideal para disfrutar en el desayuno, entre horas o como bebida refrescante para toda la familia.<\/p>\n<p>Gracias a su contenido 100% fruta, es una fuente natural de vitaminas y antioxidantes, en un pr\u00e1ctico formato familiar.<\/p>\n<p>\u2705 Zumo 100% exprimido de melocot\u00f3n y uva<br \/>\n\u2705 Sin az\u00facares a\u00f1adidos ni aditivos<br \/>\n\u2705 Sabor afrutado, dulce y natural<br \/>\n\u2705 Rico en vitaminas y antioxidantes<br \/>\n\u2705 Botella de 1 litro ideal para compartir<\/p>\n<p>Compra ahora el Zumo de Melocot\u00f3n y Uva 100% Eliges en nuestra tienda online y disfruta de una bebida saludable, sabrosa y con env\u00edo r\u00e1pido y seguro.<\/p>\n","protected":false},"excerpt":{"rendered":"<p>Zumo de Melocot\u00f3n y Uva 100% Eliges 1L. Sin az\u00facares a\u00f1adidos, con sabor natural, afrutado y refrescante.<\/p>\n","protected":false},"featured_media":249372,"comment_status":"open","ping_status":"closed","template":"","meta":[],"product_brand":[],"product_cat":[142,156],"product_tag":[],"class_list":{"0":"post-249331","1":"product","2":"type-product","3":"status-publish","4":"has-post-thumbnail","6":"product_cat-despensa","7":"product_cat-zumos","9":"first","10":"instock","11":"shipping-taxable","12":"purchasable","13":"product-type-simple"},"_links":{"self":[{"href":"https:\/\/mentta.fastdelivery.es\/index.php\/wp-json\/wp\/v2\/product\/249331","targetHints":{"allow":["GET"]}}],"collection":[{"href":"https:\/\/mentta.fastdelivery.es\/index.php\/wp-json\/wp\/v2\/product"}],"about":[{"href":"https:\/\/mentta.fastdelivery.es\/index.php\/wp-json\/wp\/v2\/types\/product"}],"replies":[{"embeddable":true,"href":"https:\/\/mentta.fastdelivery.es\/index.php\/wp-json\/wp\/v2\/comments?post=249331"}],"wp:featuredmedia":[{"embeddable":true,"href":"https:\/\/mentta.fastdelivery.es\/index.php\/wp-json\/wp\/v2\/media\/249372"}],"wp:attachment":[{"href":"https:\/\/mentta.fastdelivery.es\/index.php\/wp-json\/wp\/v2\/media?parent=249331"}],"wp:term":[{"taxonomy":"product_brand","embeddable":true,"href":"https:\/\/mentta.fastdelivery.es\/index.php\/wp-json\/wp\/v2\/product_brand?post=249331"},{"taxonomy":"product_cat","embeddable":true,"href":"https:\/\/mentta.fastdelivery.es\/index.php\/wp-json\/wp\/v2\/product_cat?post=249331"},{"taxonomy":"product_tag","embeddable":true,"href":"https:\/\/mentta.fastdelivery.es\/index.php\/wp-json\/wp\/v2\/product_tag?post=249331"}],"curies":[{"name":"wp","href":"https:\/\/api.w.org\/{rel}","templated":true}]}}