{"id":249391,"date":"2025-08-21T12:57:11","date_gmt":"2025-08-21T10:57:11","guid":{"rendered":"https:\/\/mentta.fastdelivery.es\/?post_type=product&#038;p=249391"},"modified":"2026-03-10T17:13:56","modified_gmt":"2026-03-10T16:13:56","slug":"aceituna-eliges-chupadedos-500g","status":"publish","type":"product","link":"https:\/\/mentta.fastdelivery.es\/index.php\/producto\/aceituna-eliges-chupadedos-500g\/","title":{"rendered":"Aceituna Eliges Chupadedos 500G"},"content":{"rendered":"<p>Las Aceitunas Eliges Chupadedos 500 gramos son aceitunas verdes enteras de alta calidad, con un sabor intenso y tradicional que las hace ideales para aperitivos, tapas, ensaladas y acompa\u00f1amientos. Su textura firme y sabor caracter\u00edstico las convierten en una opci\u00f3n popular para disfrutar en cualquier ocasi\u00f3n.<\/p>\n<p>Este envase de 500g ofrece un formato pr\u00e1ctico y fresco para consumo diario o en reuniones sociales.<\/p>\n<p>\u2705 Aceitunas verdes enteras de alta calidad<br \/>\n\u2705 Formato pr\u00e1ctico de 500 gramos<br \/>\n\u2705 Sabor intenso y tradicional<br \/>\n\u2705 Perfectas para aperitivos, tapas y ensaladas<br \/>\n\u2705 Producto fresco y listo para consumir<\/p>\n<p>Compra ahora las Aceitunas Eliges Chupadedos 500g en nuestra tienda online y disfruta de aceitunas frescas con env\u00edo r\u00e1pido y seguro.<\/p>\n","protected":false},"excerpt":{"rendered":"<p>Aceituna Eliges Chupadedos 500g. Aceitunas verdes enteras con sabor intenso, perfectas para aperitivos y tapas.<\/p>\n","protected":false},"featured_media":249435,"comment_status":"open","ping_status":"closed","template":"","meta":[],"product_brand":[],"product_cat":[142,23],"product_tag":[],"class_list":{"0":"post-249391","1":"product","2":"type-product","3":"status-publish","4":"has-post-thumbnail","6":"product_cat-despensa","7":"product_cat-encurtidos","9":"first","10":"instock","11":"featured","12":"shipping-taxable","13":"purchasable","14":"product-type-simple"},"_links":{"self":[{"href":"https:\/\/mentta.fastdelivery.es\/index.php\/wp-json\/wp\/v2\/product\/249391","targetHints":{"allow":["GET"]}}],"collection":[{"href":"https:\/\/mentta.fastdelivery.es\/index.php\/wp-json\/wp\/v2\/product"}],"about":[{"href":"https:\/\/mentta.fastdelivery.es\/index.php\/wp-json\/wp\/v2\/types\/product"}],"replies":[{"embeddable":true,"href":"https:\/\/mentta.fastdelivery.es\/index.php\/wp-json\/wp\/v2\/comments?post=249391"}],"wp:featuredmedia":[{"embeddable":true,"href":"https:\/\/mentta.fastdelivery.es\/index.php\/wp-json\/wp\/v2\/media\/249435"}],"wp:attachment":[{"href":"https:\/\/mentta.fastdelivery.es\/index.php\/wp-json\/wp\/v2\/media?parent=249391"}],"wp:term":[{"taxonomy":"product_brand","embeddable":true,"href":"https:\/\/mentta.fastdelivery.es\/index.php\/wp-json\/wp\/v2\/product_brand?post=249391"},{"taxonomy":"product_cat","embeddable":true,"href":"https:\/\/mentta.fastdelivery.es\/index.php\/wp-json\/wp\/v2\/product_cat?post=249391"},{"taxonomy":"product_tag","embeddable":true,"href":"https:\/\/mentta.fastdelivery.es\/index.php\/wp-json\/wp\/v2\/product_tag?post=249391"}],"curies":[{"name":"wp","href":"https:\/\/api.w.org\/{rel}","templated":true}]}}