{"id":249493,"date":"2025-08-21T12:59:16","date_gmt":"2025-08-21T10:59:16","guid":{"rendered":"https:\/\/mentta.fastdelivery.es\/?post_type=product&#038;p=249493"},"modified":"2026-03-10T17:13:55","modified_gmt":"2026-03-10T16:13:55","slug":"sopa-maravilla-eliges-80g","status":"publish","type":"product","link":"https:\/\/mentta.fastdelivery.es\/index.php\/producto\/sopa-maravilla-eliges-80g\/","title":{"rendered":"Sopa Maravilla Eliges 80g"},"content":{"rendered":"<p>La Sopa Maravilla Eliges 80g es una opci\u00f3n r\u00e1pida y sencilla para disfrutar de una sopa con sabor aut\u00e9ntico. Perfecta para momentos de prisa o como entrante nutritivo.<\/p>\n<p>\u2705 Sopa instant\u00e1nea con sabor casero<br \/>\n\u2705 F\u00e1cil y r\u00e1pida de preparar<br \/>\n\u2705 Formato pr\u00e1ctico de 80g<br \/>\n\u2705 Ideal para cualquier ocasi\u00f3n<\/p>\n","protected":false},"excerpt":{"rendered":"<p>Sopa Maravilla Eliges 80g. Tradicional sopa instant\u00e1nea con sabor casero.<\/p>\n","protected":false},"featured_media":249535,"comment_status":"open","ping_status":"closed","template":"","meta":[],"product_brand":[],"product_cat":[142,166],"product_tag":[],"class_list":{"0":"post-249493","1":"product","2":"type-product","3":"status-publish","4":"has-post-thumbnail","6":"product_cat-despensa","7":"product_cat-sopas-y-caldos","9":"first","10":"instock","11":"featured","12":"shipping-taxable","13":"purchasable","14":"product-type-simple"},"_links":{"self":[{"href":"https:\/\/mentta.fastdelivery.es\/index.php\/wp-json\/wp\/v2\/product\/249493","targetHints":{"allow":["GET"]}}],"collection":[{"href":"https:\/\/mentta.fastdelivery.es\/index.php\/wp-json\/wp\/v2\/product"}],"about":[{"href":"https:\/\/mentta.fastdelivery.es\/index.php\/wp-json\/wp\/v2\/types\/product"}],"replies":[{"embeddable":true,"href":"https:\/\/mentta.fastdelivery.es\/index.php\/wp-json\/wp\/v2\/comments?post=249493"}],"wp:featuredmedia":[{"embeddable":true,"href":"https:\/\/mentta.fastdelivery.es\/index.php\/wp-json\/wp\/v2\/media\/249535"}],"wp:attachment":[{"href":"https:\/\/mentta.fastdelivery.es\/index.php\/wp-json\/wp\/v2\/media?parent=249493"}],"wp:term":[{"taxonomy":"product_brand","embeddable":true,"href":"https:\/\/mentta.fastdelivery.es\/index.php\/wp-json\/wp\/v2\/product_brand?post=249493"},{"taxonomy":"product_cat","embeddable":true,"href":"https:\/\/mentta.fastdelivery.es\/index.php\/wp-json\/wp\/v2\/product_cat?post=249493"},{"taxonomy":"product_tag","embeddable":true,"href":"https:\/\/mentta.fastdelivery.es\/index.php\/wp-json\/wp\/v2\/product_tag?post=249493"}],"curies":[{"name":"wp","href":"https:\/\/api.w.org\/{rel}","templated":true}]}}