{"id":249495,"date":"2025-08-21T12:59:16","date_gmt":"2025-08-21T10:59:16","guid":{"rendered":"https:\/\/mentta.fastdelivery.es\/?post_type=product&#038;p=249495"},"modified":"2026-03-10T17:13:55","modified_gmt":"2026-03-10T16:13:55","slug":"caldo-de-pescado-eliges-1l","status":"publish","type":"product","link":"https:\/\/mentta.fastdelivery.es\/index.php\/producto\/caldo-de-pescado-eliges-1l\/","title":{"rendered":"Caldo de Pescado Eliges 1L"},"content":{"rendered":"<p>La Sopa de Pescado Eliges 1L es un caldo nutritivo y delicioso, ideal para quienes buscan un plato r\u00e1pido con aut\u00e9ntico sabor a pescado. Perfecta para calentar y disfrutar en cualquier momento del d\u00eda.<\/p>\n<p>\u2705 Sopa de pescado en formato 1 litro<br \/>\n\u2705 Ideal para un almuerzo o cena ligera<br \/>\n\u2705 Producto listo para consumir<br \/>\n\u2705 Sabor natural y tradicional<\/p>\n","protected":false},"excerpt":{"rendered":"<p>Disfruta de la Sopa de Pescado Eliges 1L, un caldo tradicional, nutritivo y listo para consumir. Ideal para quienes buscan un plato r\u00e1pido y sabroso con aut\u00e9ntico sabor a pescado.<\/p>\n","protected":false},"featured_media":249537,"comment_status":"open","ping_status":"closed","template":"","meta":[],"product_brand":[],"product_cat":[142,166],"product_tag":[],"class_list":{"0":"post-249495","1":"product","2":"type-product","3":"status-publish","4":"has-post-thumbnail","6":"product_cat-despensa","7":"product_cat-sopas-y-caldos","9":"first","10":"instock","11":"featured","12":"shipping-taxable","13":"purchasable","14":"product-type-simple"},"_links":{"self":[{"href":"https:\/\/mentta.fastdelivery.es\/index.php\/wp-json\/wp\/v2\/product\/249495","targetHints":{"allow":["GET"]}}],"collection":[{"href":"https:\/\/mentta.fastdelivery.es\/index.php\/wp-json\/wp\/v2\/product"}],"about":[{"href":"https:\/\/mentta.fastdelivery.es\/index.php\/wp-json\/wp\/v2\/types\/product"}],"replies":[{"embeddable":true,"href":"https:\/\/mentta.fastdelivery.es\/index.php\/wp-json\/wp\/v2\/comments?post=249495"}],"wp:featuredmedia":[{"embeddable":true,"href":"https:\/\/mentta.fastdelivery.es\/index.php\/wp-json\/wp\/v2\/media\/249537"}],"wp:attachment":[{"href":"https:\/\/mentta.fastdelivery.es\/index.php\/wp-json\/wp\/v2\/media?parent=249495"}],"wp:term":[{"taxonomy":"product_brand","embeddable":true,"href":"https:\/\/mentta.fastdelivery.es\/index.php\/wp-json\/wp\/v2\/product_brand?post=249495"},{"taxonomy":"product_cat","embeddable":true,"href":"https:\/\/mentta.fastdelivery.es\/index.php\/wp-json\/wp\/v2\/product_cat?post=249495"},{"taxonomy":"product_tag","embeddable":true,"href":"https:\/\/mentta.fastdelivery.es\/index.php\/wp-json\/wp\/v2\/product_tag?post=249495"}],"curies":[{"name":"wp","href":"https:\/\/api.w.org\/{rel}","templated":true}]}}