{"id":249496,"date":"2025-08-21T12:59:16","date_gmt":"2025-08-21T10:59:16","guid":{"rendered":"https:\/\/mentta.fastdelivery.es\/?post_type=product&#038;p=249496"},"modified":"2026-03-10T17:13:55","modified_gmt":"2026-03-10T16:13:55","slug":"harina-de-fuerza-eliges-1kg","status":"publish","type":"product","link":"https:\/\/mentta.fastdelivery.es\/index.php\/producto\/harina-de-fuerza-eliges-1kg\/","title":{"rendered":"Harina de Fuerza Eliges 1kg"},"content":{"rendered":"<p>La Harina de Fuerza Eliges 1kg es ideal para preparar masas con buena elasticidad y fermentaci\u00f3n, perfecta para panes y reposter\u00eda. Calidad \u00f3ptima para conseguir resultados profesionales en casa.<\/p>\n<p>\u2705 Harina de trigo con alto contenido en gluten<br \/>\n\u2705 Formato de 1 kilogramo<br \/>\n\u2705 Perfecta para panader\u00eda y pasteler\u00eda<br \/>\n\u2705 Facilita una fermentaci\u00f3n adecuada<\/p>\n","protected":false},"excerpt":{"rendered":"<p>Harina de Fuerza Eliges 1kg, ideal para panes y masas con buena fermentaci\u00f3n. Producto de alta calidad para obtener resultados profesionales en panader\u00eda y reposter\u00eda.<\/p>\n","protected":false},"featured_media":249538,"comment_status":"open","ping_status":"closed","template":"","meta":[],"product_brand":[],"product_cat":[142,167],"product_tag":[],"class_list":{"0":"post-249496","1":"product","2":"type-product","3":"status-publish","4":"has-post-thumbnail","6":"product_cat-despensa","7":"product_cat-harinas-y-preparados","9":"first","10":"instock","11":"featured","12":"shipping-taxable","13":"purchasable","14":"product-type-simple"},"_links":{"self":[{"href":"https:\/\/mentta.fastdelivery.es\/index.php\/wp-json\/wp\/v2\/product\/249496","targetHints":{"allow":["GET"]}}],"collection":[{"href":"https:\/\/mentta.fastdelivery.es\/index.php\/wp-json\/wp\/v2\/product"}],"about":[{"href":"https:\/\/mentta.fastdelivery.es\/index.php\/wp-json\/wp\/v2\/types\/product"}],"replies":[{"embeddable":true,"href":"https:\/\/mentta.fastdelivery.es\/index.php\/wp-json\/wp\/v2\/comments?post=249496"}],"wp:featuredmedia":[{"embeddable":true,"href":"https:\/\/mentta.fastdelivery.es\/index.php\/wp-json\/wp\/v2\/media\/249538"}],"wp:attachment":[{"href":"https:\/\/mentta.fastdelivery.es\/index.php\/wp-json\/wp\/v2\/media?parent=249496"}],"wp:term":[{"taxonomy":"product_brand","embeddable":true,"href":"https:\/\/mentta.fastdelivery.es\/index.php\/wp-json\/wp\/v2\/product_brand?post=249496"},{"taxonomy":"product_cat","embeddable":true,"href":"https:\/\/mentta.fastdelivery.es\/index.php\/wp-json\/wp\/v2\/product_cat?post=249496"},{"taxonomy":"product_tag","embeddable":true,"href":"https:\/\/mentta.fastdelivery.es\/index.php\/wp-json\/wp\/v2\/product_tag?post=249496"}],"curies":[{"name":"wp","href":"https:\/\/api.w.org\/{rel}","templated":true}]}}