{"id":249499,"date":"2025-08-21T12:59:17","date_gmt":"2025-08-21T10:59:17","guid":{"rendered":"https:\/\/mentta.fastdelivery.es\/?post_type=product&#038;p=249499"},"modified":"2026-03-10T17:13:55","modified_gmt":"2026-03-10T16:13:55","slug":"sopa-ave-con-fideos-eliges-80g","status":"publish","type":"product","link":"https:\/\/mentta.fastdelivery.es\/index.php\/producto\/sopa-ave-con-fideos-eliges-80g\/","title":{"rendered":"Sopa Ave con Fideos Eliges 80g"},"content":{"rendered":"<p>La Sopa Ave con Fideos Eliges 80g es una sopa instant\u00e1nea f\u00e1cil de preparar, con aut\u00e9ntico sabor a ave y fideos. Perfecta para una comida r\u00e1pida, sabrosa y reconfortante.<\/p>\n<p>\u2705 Sopa instant\u00e1nea de ave con fideos<br \/>\n\u2705 Paquete pr\u00e1ctico de 80 gramos<br \/>\n\u2705 R\u00e1pida y f\u00e1cil de preparar<br \/>\n\u2705 Sabor casero y nutritivo<\/p>\n","protected":false},"excerpt":{"rendered":"<p>Sopa Ave con Fideos Eliges 80g, sopa instant\u00e1nea con sabor casero de ave y fideos, r\u00e1pida y nutritiva. Ideal para comidas reconfortantes en minutos.<\/p>\n","protected":false},"featured_media":249541,"comment_status":"open","ping_status":"closed","template":"","meta":[],"product_brand":[],"product_cat":[142,166],"product_tag":[],"class_list":{"0":"post-249499","1":"product","2":"type-product","3":"status-publish","4":"has-post-thumbnail","6":"product_cat-despensa","7":"product_cat-sopas-y-caldos","9":"first","10":"instock","11":"featured","12":"shipping-taxable","13":"purchasable","14":"product-type-simple"},"_links":{"self":[{"href":"https:\/\/mentta.fastdelivery.es\/index.php\/wp-json\/wp\/v2\/product\/249499","targetHints":{"allow":["GET"]}}],"collection":[{"href":"https:\/\/mentta.fastdelivery.es\/index.php\/wp-json\/wp\/v2\/product"}],"about":[{"href":"https:\/\/mentta.fastdelivery.es\/index.php\/wp-json\/wp\/v2\/types\/product"}],"replies":[{"embeddable":true,"href":"https:\/\/mentta.fastdelivery.es\/index.php\/wp-json\/wp\/v2\/comments?post=249499"}],"wp:featuredmedia":[{"embeddable":true,"href":"https:\/\/mentta.fastdelivery.es\/index.php\/wp-json\/wp\/v2\/media\/249541"}],"wp:attachment":[{"href":"https:\/\/mentta.fastdelivery.es\/index.php\/wp-json\/wp\/v2\/media?parent=249499"}],"wp:term":[{"taxonomy":"product_brand","embeddable":true,"href":"https:\/\/mentta.fastdelivery.es\/index.php\/wp-json\/wp\/v2\/product_brand?post=249499"},{"taxonomy":"product_cat","embeddable":true,"href":"https:\/\/mentta.fastdelivery.es\/index.php\/wp-json\/wp\/v2\/product_cat?post=249499"},{"taxonomy":"product_tag","embeddable":true,"href":"https:\/\/mentta.fastdelivery.es\/index.php\/wp-json\/wp\/v2\/product_tag?post=249499"}],"curies":[{"name":"wp","href":"https:\/\/api.w.org\/{rel}","templated":true}]}}