{"id":249505,"date":"2025-08-21T12:59:17","date_gmt":"2025-08-21T10:59:17","guid":{"rendered":"https:\/\/mentta.fastdelivery.es\/?post_type=product&#038;p=249505"},"modified":"2026-03-10T17:13:55","modified_gmt":"2026-03-10T16:13:55","slug":"mermelada-de-melocoton-eco-eliges-350g","status":"publish","type":"product","link":"https:\/\/mentta.fastdelivery.es\/index.php\/producto\/mermelada-de-melocoton-eco-eliges-350g\/","title":{"rendered":"Mermelada de Melocoton Eco Eliges 350g"},"content":{"rendered":"<p>La Mermelada de Melocot\u00f3n Eco Eliges 350g es una opci\u00f3n ecol\u00f3gica y natural, elaborada con melocotones seleccionados que aportan un dulce sabor aut\u00e9ntico para desayunos, tostadas y postres.<\/p>\n<p>\u2705 Mermelada ecol\u00f3gica de melocot\u00f3n<br \/>\n\u2705 Formato de 350 gramos<br \/>\n\u2705 Sabor dulce y natural<br \/>\n\u2705 Ideal para desayunos y postres<\/p>\n","protected":false},"excerpt":{"rendered":"<p>Mermelada de Melocot\u00f3n Eco Eliges 350g, mermelada ecol\u00f3gica elaborada con melocotones naturales para un sabor dulce y aut\u00e9ntico. Ideal para desayunos y postres.<\/p>\n","protected":false},"featured_media":249547,"comment_status":"open","ping_status":"closed","template":"","meta":[],"product_brand":[],"product_cat":[142,168],"product_tag":[],"class_list":{"0":"post-249505","1":"product","2":"type-product","3":"status-publish","4":"has-post-thumbnail","6":"product_cat-despensa","7":"product_cat-mermeladas","9":"first","10":"instock","11":"featured","12":"shipping-taxable","13":"purchasable","14":"product-type-simple"},"_links":{"self":[{"href":"https:\/\/mentta.fastdelivery.es\/index.php\/wp-json\/wp\/v2\/product\/249505","targetHints":{"allow":["GET"]}}],"collection":[{"href":"https:\/\/mentta.fastdelivery.es\/index.php\/wp-json\/wp\/v2\/product"}],"about":[{"href":"https:\/\/mentta.fastdelivery.es\/index.php\/wp-json\/wp\/v2\/types\/product"}],"replies":[{"embeddable":true,"href":"https:\/\/mentta.fastdelivery.es\/index.php\/wp-json\/wp\/v2\/comments?post=249505"}],"wp:featuredmedia":[{"embeddable":true,"href":"https:\/\/mentta.fastdelivery.es\/index.php\/wp-json\/wp\/v2\/media\/249547"}],"wp:attachment":[{"href":"https:\/\/mentta.fastdelivery.es\/index.php\/wp-json\/wp\/v2\/media?parent=249505"}],"wp:term":[{"taxonomy":"product_brand","embeddable":true,"href":"https:\/\/mentta.fastdelivery.es\/index.php\/wp-json\/wp\/v2\/product_brand?post=249505"},{"taxonomy":"product_cat","embeddable":true,"href":"https:\/\/mentta.fastdelivery.es\/index.php\/wp-json\/wp\/v2\/product_cat?post=249505"},{"taxonomy":"product_tag","embeddable":true,"href":"https:\/\/mentta.fastdelivery.es\/index.php\/wp-json\/wp\/v2\/product_tag?post=249505"}],"curies":[{"name":"wp","href":"https:\/\/api.w.org\/{rel}","templated":true}]}}