{"id":249506,"date":"2025-08-21T12:59:17","date_gmt":"2025-08-21T10:59:17","guid":{"rendered":"https:\/\/mentta.fastdelivery.es\/?post_type=product&#038;p=249506"},"modified":"2026-03-10T17:13:55","modified_gmt":"2026-03-10T16:13:55","slug":"tortilla-de-trigo-eliges-320g","status":"publish","type":"product","link":"https:\/\/mentta.fastdelivery.es\/index.php\/producto\/tortilla-de-trigo-eliges-320g\/","title":{"rendered":"Tortilla de Trigo Eliges 320g"},"content":{"rendered":"<p>La Tortilla de Trigo Eliges 320g es un producto vers\u00e1til, ideal para preparar wraps, burritos y snacks con textura suave y buen sabor. Pr\u00e1ctica para comidas r\u00e1pidas y variadas.<\/p>\n<p>\u2705 Tortillas suaves y flexibles<br \/>\n\u2705 Paquete de 320 gramos<br \/>\n\u2705 Perfectas para wraps y burritos<br \/>\n\u2705 Producto pr\u00e1ctico y de calidad<\/p>\n","protected":false},"excerpt":{"rendered":"<p>Tortilla de Trigo Eliges 320g, tortillas suaves y flexibles perfectas para wraps, burritos y snacks r\u00e1pidos. Producto pr\u00e1ctico y de alta calidad.<\/p>\n","protected":false},"featured_media":249548,"comment_status":"open","ping_status":"closed","template":"","meta":[],"product_brand":[],"product_cat":[142,164],"product_tag":[],"class_list":{"0":"post-249506","1":"product","2":"type-product","3":"status-publish","4":"has-post-thumbnail","6":"product_cat-despensa","7":"product_cat-panaderia-2","9":"first","10":"instock","11":"featured","12":"shipping-taxable","13":"purchasable","14":"product-type-simple"},"_links":{"self":[{"href":"https:\/\/mentta.fastdelivery.es\/index.php\/wp-json\/wp\/v2\/product\/249506","targetHints":{"allow":["GET"]}}],"collection":[{"href":"https:\/\/mentta.fastdelivery.es\/index.php\/wp-json\/wp\/v2\/product"}],"about":[{"href":"https:\/\/mentta.fastdelivery.es\/index.php\/wp-json\/wp\/v2\/types\/product"}],"replies":[{"embeddable":true,"href":"https:\/\/mentta.fastdelivery.es\/index.php\/wp-json\/wp\/v2\/comments?post=249506"}],"wp:featuredmedia":[{"embeddable":true,"href":"https:\/\/mentta.fastdelivery.es\/index.php\/wp-json\/wp\/v2\/media\/249548"}],"wp:attachment":[{"href":"https:\/\/mentta.fastdelivery.es\/index.php\/wp-json\/wp\/v2\/media?parent=249506"}],"wp:term":[{"taxonomy":"product_brand","embeddable":true,"href":"https:\/\/mentta.fastdelivery.es\/index.php\/wp-json\/wp\/v2\/product_brand?post=249506"},{"taxonomy":"product_cat","embeddable":true,"href":"https:\/\/mentta.fastdelivery.es\/index.php\/wp-json\/wp\/v2\/product_cat?post=249506"},{"taxonomy":"product_tag","embeddable":true,"href":"https:\/\/mentta.fastdelivery.es\/index.php\/wp-json\/wp\/v2\/product_tag?post=249506"}],"curies":[{"name":"wp","href":"https:\/\/api.w.org\/{rel}","templated":true}]}}