{"id":249519,"date":"2025-08-21T12:59:37","date_gmt":"2025-08-21T10:59:37","guid":{"rendered":"https:\/\/mentta.fastdelivery.es\/?post_type=product&#038;p=249519"},"modified":"2026-03-10T17:13:54","modified_gmt":"2026-03-10T16:13:54","slug":"mermelada-de-melocoton-eliges-410g","status":"publish","type":"product","link":"https:\/\/mentta.fastdelivery.es\/index.php\/producto\/mermelada-de-melocoton-eliges-410g\/","title":{"rendered":"Mermelada de Melocoton Eliges 410g"},"content":{"rendered":"<p>La Mermelada de Melocot\u00f3n Eliges 410g destaca por su textura cremosa y sabor natural a melocot\u00f3n, ideal para untar en panes, acompa\u00f1ar postres y elaborar recetas dulces.<\/p>\n<p>\u2705 Mermelada dulce y cremosa<br \/>\n\u2705 Formato de 410 gramos<br \/>\n\u2705 Sabor natural a melocot\u00f3n<br \/>\n\u2705 Ideal para desayunos y reposter\u00eda<\/p>\n","protected":false},"excerpt":{"rendered":"<p>Mermelada de Melocot\u00f3n Eliges 410g, mermelada dulce con sabor natural de melocot\u00f3n para desayunos y reposter\u00eda. Producto de calidad y textura cremosa.<\/p>\n","protected":false},"featured_media":249549,"comment_status":"open","ping_status":"closed","template":"","meta":[],"product_brand":[],"product_cat":[142,168],"product_tag":[],"class_list":{"0":"post-249519","1":"product","2":"type-product","3":"status-publish","4":"has-post-thumbnail","6":"product_cat-despensa","7":"product_cat-mermeladas","9":"first","10":"instock","11":"featured","12":"shipping-taxable","13":"purchasable","14":"product-type-simple"},"_links":{"self":[{"href":"https:\/\/mentta.fastdelivery.es\/index.php\/wp-json\/wp\/v2\/product\/249519","targetHints":{"allow":["GET"]}}],"collection":[{"href":"https:\/\/mentta.fastdelivery.es\/index.php\/wp-json\/wp\/v2\/product"}],"about":[{"href":"https:\/\/mentta.fastdelivery.es\/index.php\/wp-json\/wp\/v2\/types\/product"}],"replies":[{"embeddable":true,"href":"https:\/\/mentta.fastdelivery.es\/index.php\/wp-json\/wp\/v2\/comments?post=249519"}],"wp:featuredmedia":[{"embeddable":true,"href":"https:\/\/mentta.fastdelivery.es\/index.php\/wp-json\/wp\/v2\/media\/249549"}],"wp:attachment":[{"href":"https:\/\/mentta.fastdelivery.es\/index.php\/wp-json\/wp\/v2\/media?parent=249519"}],"wp:term":[{"taxonomy":"product_brand","embeddable":true,"href":"https:\/\/mentta.fastdelivery.es\/index.php\/wp-json\/wp\/v2\/product_brand?post=249519"},{"taxonomy":"product_cat","embeddable":true,"href":"https:\/\/mentta.fastdelivery.es\/index.php\/wp-json\/wp\/v2\/product_cat?post=249519"},{"taxonomy":"product_tag","embeddable":true,"href":"https:\/\/mentta.fastdelivery.es\/index.php\/wp-json\/wp\/v2\/product_tag?post=249519"}],"curies":[{"name":"wp","href":"https:\/\/api.w.org\/{rel}","templated":true}]}}