{"id":249524,"date":"2025-08-21T12:59:37","date_gmt":"2025-08-21T10:59:37","guid":{"rendered":"https:\/\/mentta.fastdelivery.es\/?post_type=product&#038;p=249524"},"modified":"2026-03-10T17:13:55","modified_gmt":"2026-03-10T16:13:55","slug":"pina-en-rodajas-en-su-jugo-340gr","status":"publish","type":"product","link":"https:\/\/mentta.fastdelivery.es\/index.php\/producto\/pina-en-rodajas-en-su-jugo-340gr\/","title":{"rendered":"Pi\u00f1a en Rodajas en su jugo 340gr"},"content":{"rendered":"<p>La Pi\u00f1a en Rodajas en su jugo Eliges 340g ofrece rodajas frescas de pi\u00f1a conservadas en su jugo natural, sin az\u00facares a\u00f1adidos, perfecta para postres, ensaladas y platos tropicales.<\/p>\n<p>\u2705 Rodajas de pi\u00f1a natural<br \/>\n\u2705 Conservadas en su jugo sin az\u00facares a\u00f1adidos<br \/>\n\u2705 Formato de 340 gramos<br \/>\n\u2705 Ideal para postres y recetas frescas<\/p>\n","protected":false},"excerpt":{"rendered":"<p>Pi\u00f1a en Rodajas en su jugo Eliges 340g, rodajas de pi\u00f1a natural conservadas en su jugo, sin az\u00facares a\u00f1adidos. Ideal para postres y recetas frescas.<\/p>\n","protected":false},"featured_media":249576,"comment_status":"open","ping_status":"closed","template":"","meta":[],"product_brand":[],"product_cat":[169,142],"product_tag":[],"class_list":{"0":"post-249524","1":"product","2":"type-product","3":"status-publish","4":"has-post-thumbnail","6":"product_cat-conservas-frutas","7":"product_cat-despensa","9":"first","10":"instock","11":"featured","12":"shipping-taxable","13":"purchasable","14":"product-type-simple"},"_links":{"self":[{"href":"https:\/\/mentta.fastdelivery.es\/index.php\/wp-json\/wp\/v2\/product\/249524","targetHints":{"allow":["GET"]}}],"collection":[{"href":"https:\/\/mentta.fastdelivery.es\/index.php\/wp-json\/wp\/v2\/product"}],"about":[{"href":"https:\/\/mentta.fastdelivery.es\/index.php\/wp-json\/wp\/v2\/types\/product"}],"replies":[{"embeddable":true,"href":"https:\/\/mentta.fastdelivery.es\/index.php\/wp-json\/wp\/v2\/comments?post=249524"}],"wp:featuredmedia":[{"embeddable":true,"href":"https:\/\/mentta.fastdelivery.es\/index.php\/wp-json\/wp\/v2\/media\/249576"}],"wp:attachment":[{"href":"https:\/\/mentta.fastdelivery.es\/index.php\/wp-json\/wp\/v2\/media?parent=249524"}],"wp:term":[{"taxonomy":"product_brand","embeddable":true,"href":"https:\/\/mentta.fastdelivery.es\/index.php\/wp-json\/wp\/v2\/product_brand?post=249524"},{"taxonomy":"product_cat","embeddable":true,"href":"https:\/\/mentta.fastdelivery.es\/index.php\/wp-json\/wp\/v2\/product_cat?post=249524"},{"taxonomy":"product_tag","embeddable":true,"href":"https:\/\/mentta.fastdelivery.es\/index.php\/wp-json\/wp\/v2\/product_tag?post=249524"}],"curies":[{"name":"wp","href":"https:\/\/api.w.org\/{rel}","templated":true}]}}