{"id":249528,"date":"2025-08-21T12:59:38","date_gmt":"2025-08-21T10:59:38","guid":{"rendered":"https:\/\/mentta.fastdelivery.es\/?post_type=product&#038;p=249528"},"modified":"2026-03-10T17:13:54","modified_gmt":"2026-03-10T16:13:54","slug":"cocktail-en-almibar-eliges-480g","status":"publish","type":"product","link":"https:\/\/mentta.fastdelivery.es\/index.php\/producto\/cocktail-en-almibar-eliges-480g\/","title":{"rendered":"Cocktail en Almibar Eliges 480g"},"content":{"rendered":"<p>El C\u00f3ctel en Alm\u00edbar Eliges 480g contiene una deliciosa mezcla de frutas tropicales seleccionadas y conservadas en un alm\u00edbar dulce, ideal para preparar postres frescos y nutritivos.<\/p>\n<p>\u2705 Mezcla de frutas tropicales<br \/>\n\u2705 Conservadas en alm\u00edbar dulce<br \/>\n\u2705 Formato de 480 gramos<br \/>\n\u2705 Perfecto para postres y snacks<\/p>\n","protected":false},"excerpt":{"rendered":"<p>C\u00f3ctel en Alm\u00edbar Eliges 480g, mezcla de frutas tropicales conservadas en alm\u00edbar dulce para postres frescos y saludables.<\/p>\n","protected":false},"featured_media":249580,"comment_status":"open","ping_status":"closed","template":"","meta":[],"product_brand":[],"product_cat":[169,142],"product_tag":[],"class_list":{"0":"post-249528","1":"product","2":"type-product","3":"status-publish","4":"has-post-thumbnail","6":"product_cat-conservas-frutas","7":"product_cat-despensa","9":"first","10":"instock","11":"featured","12":"shipping-taxable","13":"purchasable","14":"product-type-simple"},"_links":{"self":[{"href":"https:\/\/mentta.fastdelivery.es\/index.php\/wp-json\/wp\/v2\/product\/249528","targetHints":{"allow":["GET"]}}],"collection":[{"href":"https:\/\/mentta.fastdelivery.es\/index.php\/wp-json\/wp\/v2\/product"}],"about":[{"href":"https:\/\/mentta.fastdelivery.es\/index.php\/wp-json\/wp\/v2\/types\/product"}],"replies":[{"embeddable":true,"href":"https:\/\/mentta.fastdelivery.es\/index.php\/wp-json\/wp\/v2\/comments?post=249528"}],"wp:featuredmedia":[{"embeddable":true,"href":"https:\/\/mentta.fastdelivery.es\/index.php\/wp-json\/wp\/v2\/media\/249580"}],"wp:attachment":[{"href":"https:\/\/mentta.fastdelivery.es\/index.php\/wp-json\/wp\/v2\/media?parent=249528"}],"wp:term":[{"taxonomy":"product_brand","embeddable":true,"href":"https:\/\/mentta.fastdelivery.es\/index.php\/wp-json\/wp\/v2\/product_brand?post=249528"},{"taxonomy":"product_cat","embeddable":true,"href":"https:\/\/mentta.fastdelivery.es\/index.php\/wp-json\/wp\/v2\/product_cat?post=249528"},{"taxonomy":"product_tag","embeddable":true,"href":"https:\/\/mentta.fastdelivery.es\/index.php\/wp-json\/wp\/v2\/product_tag?post=249528"}],"curies":[{"name":"wp","href":"https:\/\/api.w.org\/{rel}","templated":true}]}}