{"id":249557,"date":"2025-08-21T12:59:59","date_gmt":"2025-08-21T10:59:59","guid":{"rendered":"https:\/\/mentta.fastdelivery.es\/?post_type=product&#038;p=249557"},"modified":"2026-03-10T17:13:54","modified_gmt":"2026-03-10T16:13:54","slug":"copos-de-avena-eliges-500gr","status":"publish","type":"product","link":"https:\/\/mentta.fastdelivery.es\/index.php\/producto\/copos-de-avena-eliges-500gr\/","title":{"rendered":"Copos de Avena Eliges 500gr"},"content":{"rendered":"<p>Los Copos de Avena Eliges 500g son un cereal natural y nutritivo, perfectos para preparar desayunos como porridge, a\u00f1adir a smoothies o utilizar en recetas saludables. Aportan fibra y energ\u00eda para empezar el d\u00eda.<\/p>\n<p>\u2705 Copos de avena naturales<br \/>\n\u2705 Formato pr\u00e1ctico de 500 gramos<br \/>\n\u2705 Ideal para desayunos nutritivos<br \/>\n\u2705 Fuente de fibra y energ\u00eda<\/p>\n","protected":false},"excerpt":{"rendered":"<p>Copos de Avena Eliges 500g, copos naturales de avena para desayunos saludables, ideales para preparar porridge, smoothies y recetas nutritivas.<\/p>\n","protected":false},"featured_media":249587,"comment_status":"open","ping_status":"closed","template":"","meta":[],"product_brand":[],"product_cat":[145,142],"product_tag":[],"class_list":{"0":"post-249557","1":"product","2":"type-product","3":"status-publish","4":"has-post-thumbnail","6":"product_cat-cereales","7":"product_cat-despensa","9":"first","10":"instock","11":"featured","12":"shipping-taxable","13":"purchasable","14":"product-type-simple"},"_links":{"self":[{"href":"https:\/\/mentta.fastdelivery.es\/index.php\/wp-json\/wp\/v2\/product\/249557","targetHints":{"allow":["GET"]}}],"collection":[{"href":"https:\/\/mentta.fastdelivery.es\/index.php\/wp-json\/wp\/v2\/product"}],"about":[{"href":"https:\/\/mentta.fastdelivery.es\/index.php\/wp-json\/wp\/v2\/types\/product"}],"replies":[{"embeddable":true,"href":"https:\/\/mentta.fastdelivery.es\/index.php\/wp-json\/wp\/v2\/comments?post=249557"}],"wp:featuredmedia":[{"embeddable":true,"href":"https:\/\/mentta.fastdelivery.es\/index.php\/wp-json\/wp\/v2\/media\/249587"}],"wp:attachment":[{"href":"https:\/\/mentta.fastdelivery.es\/index.php\/wp-json\/wp\/v2\/media?parent=249557"}],"wp:term":[{"taxonomy":"product_brand","embeddable":true,"href":"https:\/\/mentta.fastdelivery.es\/index.php\/wp-json\/wp\/v2\/product_brand?post=249557"},{"taxonomy":"product_cat","embeddable":true,"href":"https:\/\/mentta.fastdelivery.es\/index.php\/wp-json\/wp\/v2\/product_cat?post=249557"},{"taxonomy":"product_tag","embeddable":true,"href":"https:\/\/mentta.fastdelivery.es\/index.php\/wp-json\/wp\/v2\/product_tag?post=249557"}],"curies":[{"name":"wp","href":"https:\/\/api.w.org\/{rel}","templated":true}]}}