{"id":249560,"date":"2025-08-21T12:59:59","date_gmt":"2025-08-21T10:59:59","guid":{"rendered":"https:\/\/mentta.fastdelivery.es\/?post_type=product&#038;p=249560"},"modified":"2026-03-10T17:13:54","modified_gmt":"2026-03-10T16:13:54","slug":"barrita-de-cereales-integrales-con-chocolate-eliges-129g","status":"publish","type":"product","link":"https:\/\/mentta.fastdelivery.es\/index.php\/producto\/barrita-de-cereales-integrales-con-chocolate-eliges-129g\/","title":{"rendered":"Barrita de Cereales integrales con chocolate Eliges 129g"},"content":{"rendered":"<p>La Barrita de Cereales Integrales con Chocolate Eliges 129g combina cereales integrales y chocolate en un snack nutritivo y pr\u00e1ctico, perfecto para un impulso de energ\u00eda en cualquier momento del d\u00eda.<\/p>\n<p>\u2705 Barrita energ\u00e9tica con cereales integrales<br \/>\n\u2705 Con cobertura de chocolate<br \/>\n\u2705 Formato pr\u00e1ctico de 129 gramos<br \/>\n\u2705 Ideal para snacks saludables<\/p>\n","protected":false},"excerpt":{"rendered":"<p>Barrita de Cereales Integrales con Chocolate Eliges 129g, snack saludable con cereales integrales y delicioso chocolate para energ\u00eda r\u00e1pida.<\/p>\n","protected":false},"featured_media":249590,"comment_status":"open","ping_status":"closed","template":"","meta":[],"product_brand":[],"product_cat":[142,161],"product_tag":[],"class_list":{"0":"post-249560","1":"product","2":"type-product","3":"status-publish","4":"has-post-thumbnail","6":"product_cat-despensa","7":"product_cat-snacks","9":"first","10":"instock","11":"featured","12":"shipping-taxable","13":"purchasable","14":"product-type-simple"},"_links":{"self":[{"href":"https:\/\/mentta.fastdelivery.es\/index.php\/wp-json\/wp\/v2\/product\/249560","targetHints":{"allow":["GET"]}}],"collection":[{"href":"https:\/\/mentta.fastdelivery.es\/index.php\/wp-json\/wp\/v2\/product"}],"about":[{"href":"https:\/\/mentta.fastdelivery.es\/index.php\/wp-json\/wp\/v2\/types\/product"}],"replies":[{"embeddable":true,"href":"https:\/\/mentta.fastdelivery.es\/index.php\/wp-json\/wp\/v2\/comments?post=249560"}],"wp:featuredmedia":[{"embeddable":true,"href":"https:\/\/mentta.fastdelivery.es\/index.php\/wp-json\/wp\/v2\/media\/249590"}],"wp:attachment":[{"href":"https:\/\/mentta.fastdelivery.es\/index.php\/wp-json\/wp\/v2\/media?parent=249560"}],"wp:term":[{"taxonomy":"product_brand","embeddable":true,"href":"https:\/\/mentta.fastdelivery.es\/index.php\/wp-json\/wp\/v2\/product_brand?post=249560"},{"taxonomy":"product_cat","embeddable":true,"href":"https:\/\/mentta.fastdelivery.es\/index.php\/wp-json\/wp\/v2\/product_cat?post=249560"},{"taxonomy":"product_tag","embeddable":true,"href":"https:\/\/mentta.fastdelivery.es\/index.php\/wp-json\/wp\/v2\/product_tag?post=249560"}],"curies":[{"name":"wp","href":"https:\/\/api.w.org\/{rel}","templated":true}]}}