{"id":249562,"date":"2025-08-21T12:59:59","date_gmt":"2025-08-21T10:59:59","guid":{"rendered":"https:\/\/mentta.fastdelivery.es\/?post_type=product&#038;p=249562"},"modified":"2026-03-10T17:13:54","modified_gmt":"2026-03-10T16:13:54","slug":"pan-tostado-eliges-270gr","status":"publish","type":"product","link":"https:\/\/mentta.fastdelivery.es\/index.php\/producto\/pan-tostado-eliges-270gr\/","title":{"rendered":"Pan Tostado Eliges 270gr"},"content":{"rendered":"<p>El Pan Tostado Eliges 270g ofrece rebanadas crujientes que combinan perfectamente con mermeladas, quesos o pat\u00e9s, siendo una opci\u00f3n pr\u00e1ctica y deliciosa para desayunos y meriendas.<\/p>\n<p>\u2705 Pan tostado crujiente<br \/>\n\u2705 Paquete de 270 gramos<br \/>\n\u2705 Ideal para desayunos y aperitivos<br \/>\n\u2705 F\u00e1cil de combinar<\/p>\n","protected":false},"excerpt":{"rendered":"<p>Pan Tostado Eliges 270g, rebanadas de pan crujiente ideal para desayunos, snacks y aperitivos r\u00e1pidos.<\/p>\n","protected":false},"featured_media":249592,"comment_status":"open","ping_status":"closed","template":"","meta":[],"product_brand":[],"product_cat":[142,164],"product_tag":[],"class_list":{"0":"post-249562","1":"product","2":"type-product","3":"status-publish","4":"has-post-thumbnail","6":"product_cat-despensa","7":"product_cat-panaderia-2","9":"first","10":"instock","11":"featured","12":"shipping-taxable","13":"purchasable","14":"product-type-simple"},"_links":{"self":[{"href":"https:\/\/mentta.fastdelivery.es\/index.php\/wp-json\/wp\/v2\/product\/249562","targetHints":{"allow":["GET"]}}],"collection":[{"href":"https:\/\/mentta.fastdelivery.es\/index.php\/wp-json\/wp\/v2\/product"}],"about":[{"href":"https:\/\/mentta.fastdelivery.es\/index.php\/wp-json\/wp\/v2\/types\/product"}],"replies":[{"embeddable":true,"href":"https:\/\/mentta.fastdelivery.es\/index.php\/wp-json\/wp\/v2\/comments?post=249562"}],"wp:featuredmedia":[{"embeddable":true,"href":"https:\/\/mentta.fastdelivery.es\/index.php\/wp-json\/wp\/v2\/media\/249592"}],"wp:attachment":[{"href":"https:\/\/mentta.fastdelivery.es\/index.php\/wp-json\/wp\/v2\/media?parent=249562"}],"wp:term":[{"taxonomy":"product_brand","embeddable":true,"href":"https:\/\/mentta.fastdelivery.es\/index.php\/wp-json\/wp\/v2\/product_brand?post=249562"},{"taxonomy":"product_cat","embeddable":true,"href":"https:\/\/mentta.fastdelivery.es\/index.php\/wp-json\/wp\/v2\/product_cat?post=249562"},{"taxonomy":"product_tag","embeddable":true,"href":"https:\/\/mentta.fastdelivery.es\/index.php\/wp-json\/wp\/v2\/product_tag?post=249562"}],"curies":[{"name":"wp","href":"https:\/\/api.w.org\/{rel}","templated":true}]}}