{"id":249573,"date":"2025-08-21T12:59:59","date_gmt":"2025-08-21T10:59:59","guid":{"rendered":"https:\/\/mentta.fastdelivery.es\/?post_type=product&#038;p=249573"},"modified":"2026-03-10T17:13:54","modified_gmt":"2026-03-10T16:13:54","slug":"bolitas-de-miel-eliges-500gr","status":"publish","type":"product","link":"https:\/\/mentta.fastdelivery.es\/index.php\/producto\/bolitas-de-miel-eliges-500gr\/","title":{"rendered":"Bolitas de Miel Eliges 500gr"},"content":{"rendered":"<p>Las Bolitas de Miel Eliges 500g son un snack delicioso con sabor aut\u00e9ntico a miel, en formato crocante y f\u00e1cil de consumir. Perfectas para acompa\u00f1ar yogures, cereales o como un dulce saludable.<\/p>\n<p>\u2705 Snack con sabor a miel natural<br \/>\n\u2705 Formato de 500 gramos<br \/>\n\u2705 Textura crocante<br \/>\n\u2705 Ideal para desayunos y meriendas<\/p>\n","protected":false},"excerpt":{"rendered":"<p>Bolitas de Miel Eliges 500g, snack dulce con sabor natural a miel en peque\u00f1as bolitas crocantes para un toque dulce saludable.<\/p>\n","protected":false},"featured_media":249626,"comment_status":"open","ping_status":"closed","template":"","meta":[],"product_brand":[],"product_cat":[145,142],"product_tag":[],"class_list":{"0":"post-249573","1":"product","2":"type-product","3":"status-publish","4":"has-post-thumbnail","6":"product_cat-cereales","7":"product_cat-despensa","9":"first","10":"instock","11":"featured","12":"shipping-taxable","13":"purchasable","14":"product-type-simple"},"_links":{"self":[{"href":"https:\/\/mentta.fastdelivery.es\/index.php\/wp-json\/wp\/v2\/product\/249573","targetHints":{"allow":["GET"]}}],"collection":[{"href":"https:\/\/mentta.fastdelivery.es\/index.php\/wp-json\/wp\/v2\/product"}],"about":[{"href":"https:\/\/mentta.fastdelivery.es\/index.php\/wp-json\/wp\/v2\/types\/product"}],"replies":[{"embeddable":true,"href":"https:\/\/mentta.fastdelivery.es\/index.php\/wp-json\/wp\/v2\/comments?post=249573"}],"wp:featuredmedia":[{"embeddable":true,"href":"https:\/\/mentta.fastdelivery.es\/index.php\/wp-json\/wp\/v2\/media\/249626"}],"wp:attachment":[{"href":"https:\/\/mentta.fastdelivery.es\/index.php\/wp-json\/wp\/v2\/media?parent=249573"}],"wp:term":[{"taxonomy":"product_brand","embeddable":true,"href":"https:\/\/mentta.fastdelivery.es\/index.php\/wp-json\/wp\/v2\/product_brand?post=249573"},{"taxonomy":"product_cat","embeddable":true,"href":"https:\/\/mentta.fastdelivery.es\/index.php\/wp-json\/wp\/v2\/product_cat?post=249573"},{"taxonomy":"product_tag","embeddable":true,"href":"https:\/\/mentta.fastdelivery.es\/index.php\/wp-json\/wp\/v2\/product_tag?post=249573"}],"curies":[{"name":"wp","href":"https:\/\/api.w.org\/{rel}","templated":true}]}}