{"id":249601,"date":"2025-08-21T13:00:20","date_gmt":"2025-08-21T11:00:20","guid":{"rendered":"https:\/\/mentta.fastdelivery.es\/?post_type=product&#038;p=249601"},"modified":"2026-03-10T17:13:54","modified_gmt":"2026-03-10T16:13:54","slug":"panecillos-integrales-eliges-225gr","status":"publish","type":"product","link":"https:\/\/mentta.fastdelivery.es\/index.php\/producto\/panecillos-integrales-eliges-225gr\/","title":{"rendered":"Panecillos Integrales Eliges 225gr"},"content":{"rendered":"<p>Los Panecillos Integrales Eliges 225g son una opci\u00f3n saludable y nutritiva gracias a su elaboraci\u00f3n con harina integral. Perfectos para acompa\u00f1ar comidas o para preparar bocadillos llenos de fibra y sabor.<\/p>\n<p>\u2705 Panecillos elaborados con harina integral<br \/>\n\u2705 Envase de 225 gramos<br \/>\n\u2705 Fuente de fibra y energ\u00eda<br \/>\n\u2705 Ideales para desayuno y merienda<\/p>\n","protected":false},"excerpt":{"rendered":"<p>Panecillos Integrales Eliges 225g, panecillos saludables elaborados con harina integral para un desayuno o merienda nutritiva.<\/p>\n","protected":false},"featured_media":249631,"comment_status":"open","ping_status":"closed","template":"","meta":[],"product_brand":[],"product_cat":[142,164],"product_tag":[],"class_list":{"0":"post-249601","1":"product","2":"type-product","3":"status-publish","4":"has-post-thumbnail","6":"product_cat-despensa","7":"product_cat-panaderia-2","9":"first","10":"instock","11":"featured","12":"shipping-taxable","13":"purchasable","14":"product-type-simple"},"_links":{"self":[{"href":"https:\/\/mentta.fastdelivery.es\/index.php\/wp-json\/wp\/v2\/product\/249601","targetHints":{"allow":["GET"]}}],"collection":[{"href":"https:\/\/mentta.fastdelivery.es\/index.php\/wp-json\/wp\/v2\/product"}],"about":[{"href":"https:\/\/mentta.fastdelivery.es\/index.php\/wp-json\/wp\/v2\/types\/product"}],"replies":[{"embeddable":true,"href":"https:\/\/mentta.fastdelivery.es\/index.php\/wp-json\/wp\/v2\/comments?post=249601"}],"wp:featuredmedia":[{"embeddable":true,"href":"https:\/\/mentta.fastdelivery.es\/index.php\/wp-json\/wp\/v2\/media\/249631"}],"wp:attachment":[{"href":"https:\/\/mentta.fastdelivery.es\/index.php\/wp-json\/wp\/v2\/media?parent=249601"}],"wp:term":[{"taxonomy":"product_brand","embeddable":true,"href":"https:\/\/mentta.fastdelivery.es\/index.php\/wp-json\/wp\/v2\/product_brand?post=249601"},{"taxonomy":"product_cat","embeddable":true,"href":"https:\/\/mentta.fastdelivery.es\/index.php\/wp-json\/wp\/v2\/product_cat?post=249601"},{"taxonomy":"product_tag","embeddable":true,"href":"https:\/\/mentta.fastdelivery.es\/index.php\/wp-json\/wp\/v2\/product_tag?post=249601"}],"curies":[{"name":"wp","href":"https:\/\/api.w.org\/{rel}","templated":true}]}}