{"id":249610,"date":"2025-08-21T13:00:21","date_gmt":"2025-08-21T11:00:21","guid":{"rendered":"https:\/\/mentta.fastdelivery.es\/?post_type=product&#038;p=249610"},"modified":"2026-03-10T17:13:53","modified_gmt":"2026-03-10T16:13:53","slug":"panecillos-con-tomate-y-oregano-eliges-160gr","status":"publish","type":"product","link":"https:\/\/mentta.fastdelivery.es\/index.php\/producto\/panecillos-con-tomate-y-oregano-eliges-160gr\/","title":{"rendered":"Panecillos con tomate y oregano Eliges 160gr"},"content":{"rendered":"<p>Los Panecillos con Tomate y Or\u00e9gano Eliges 160g ofrecen un delicioso sabor mediterr\u00e1neo con tomate natural y un toque de or\u00e9gano. Perfectos para acompa\u00f1ar cualquier comida o para preparar bocadillos llenos de sabor.<\/p>\n<p>\u2705 Panecillos con tomate y or\u00e9gano<br \/>\n\u2705 Envase de 160 gramos<br \/>\n\u2705 Sabor mediterr\u00e1neo y natural<br \/>\n\u2705 Ideal para bocadillos y acompa\u00f1amientos<\/p>\n","protected":false},"excerpt":{"rendered":"<p>Panecillos con Tomate y Or\u00e9gano Eliges 160g, panecillos sabrosos con toque mediterr\u00e1neo ideales para acompa\u00f1ar comidas o preparar bocadillos.<\/p>\n","protected":false},"featured_media":249640,"comment_status":"open","ping_status":"closed","template":"","meta":[],"product_brand":[],"product_cat":[142,164],"product_tag":[],"class_list":{"0":"post-249610","1":"product","2":"type-product","3":"status-publish","4":"has-post-thumbnail","6":"product_cat-despensa","7":"product_cat-panaderia-2","9":"first","10":"instock","11":"featured","12":"shipping-taxable","13":"purchasable","14":"product-type-simple"},"_links":{"self":[{"href":"https:\/\/mentta.fastdelivery.es\/index.php\/wp-json\/wp\/v2\/product\/249610","targetHints":{"allow":["GET"]}}],"collection":[{"href":"https:\/\/mentta.fastdelivery.es\/index.php\/wp-json\/wp\/v2\/product"}],"about":[{"href":"https:\/\/mentta.fastdelivery.es\/index.php\/wp-json\/wp\/v2\/types\/product"}],"replies":[{"embeddable":true,"href":"https:\/\/mentta.fastdelivery.es\/index.php\/wp-json\/wp\/v2\/comments?post=249610"}],"wp:featuredmedia":[{"embeddable":true,"href":"https:\/\/mentta.fastdelivery.es\/index.php\/wp-json\/wp\/v2\/media\/249640"}],"wp:attachment":[{"href":"https:\/\/mentta.fastdelivery.es\/index.php\/wp-json\/wp\/v2\/media?parent=249610"}],"wp:term":[{"taxonomy":"product_brand","embeddable":true,"href":"https:\/\/mentta.fastdelivery.es\/index.php\/wp-json\/wp\/v2\/product_brand?post=249610"},{"taxonomy":"product_cat","embeddable":true,"href":"https:\/\/mentta.fastdelivery.es\/index.php\/wp-json\/wp\/v2\/product_cat?post=249610"},{"taxonomy":"product_tag","embeddable":true,"href":"https:\/\/mentta.fastdelivery.es\/index.php\/wp-json\/wp\/v2\/product_tag?post=249610"}],"curies":[{"name":"wp","href":"https:\/\/api.w.org\/{rel}","templated":true}]}}