{"id":249616,"date":"2025-08-21T13:00:21","date_gmt":"2025-08-21T11:00:21","guid":{"rendered":"https:\/\/mentta.fastdelivery.es\/?post_type=product&#038;p=249616"},"modified":"2026-03-10T17:13:54","modified_gmt":"2026-03-10T16:13:54","slug":"helado-limon-eliges-1l","status":"publish","type":"product","link":"https:\/\/mentta.fastdelivery.es\/index.php\/producto\/helado-limon-eliges-1l\/","title":{"rendered":"Helado Limon Eliges 1L"},"content":{"rendered":"<p>El Helado Lim\u00f3n Eliges 1L es un postre fresco y cremoso con un intenso sabor a lim\u00f3n natural, perfecto para refrescar y disfrutar en cualquier momento.<\/p>\n<p>\u2705 Helado cremoso de lim\u00f3n<br \/>\n\u2705 Envase de 1 litro<br \/>\n\u2705 Sabor refrescante y natural<br \/>\n\u2705 Ideal para verano y meriendas<\/p>\n","protected":false},"excerpt":{"rendered":"<p>Helado Lim\u00f3n Eliges 1L, refrescante y cremoso helado con sabor natural a lim\u00f3n para los d\u00edas calurosos.<\/p>\n","protected":false},"featured_media":249669,"comment_status":"open","ping_status":"closed","template":"","meta":[],"product_brand":[],"product_cat":[142,163],"product_tag":[],"class_list":{"0":"post-249616","1":"product","2":"type-product","3":"status-publish","4":"has-post-thumbnail","6":"product_cat-despensa","7":"product_cat-helados-y-postres","9":"first","10":"instock","11":"featured","12":"shipping-taxable","13":"purchasable","14":"product-type-simple"},"_links":{"self":[{"href":"https:\/\/mentta.fastdelivery.es\/index.php\/wp-json\/wp\/v2\/product\/249616","targetHints":{"allow":["GET"]}}],"collection":[{"href":"https:\/\/mentta.fastdelivery.es\/index.php\/wp-json\/wp\/v2\/product"}],"about":[{"href":"https:\/\/mentta.fastdelivery.es\/index.php\/wp-json\/wp\/v2\/types\/product"}],"replies":[{"embeddable":true,"href":"https:\/\/mentta.fastdelivery.es\/index.php\/wp-json\/wp\/v2\/comments?post=249616"}],"wp:featuredmedia":[{"embeddable":true,"href":"https:\/\/mentta.fastdelivery.es\/index.php\/wp-json\/wp\/v2\/media\/249669"}],"wp:attachment":[{"href":"https:\/\/mentta.fastdelivery.es\/index.php\/wp-json\/wp\/v2\/media?parent=249616"}],"wp:term":[{"taxonomy":"product_brand","embeddable":true,"href":"https:\/\/mentta.fastdelivery.es\/index.php\/wp-json\/wp\/v2\/product_brand?post=249616"},{"taxonomy":"product_cat","embeddable":true,"href":"https:\/\/mentta.fastdelivery.es\/index.php\/wp-json\/wp\/v2\/product_cat?post=249616"},{"taxonomy":"product_tag","embeddable":true,"href":"https:\/\/mentta.fastdelivery.es\/index.php\/wp-json\/wp\/v2\/product_tag?post=249616"}],"curies":[{"name":"wp","href":"https:\/\/api.w.org\/{rel}","templated":true}]}}