{"id":249645,"date":"2025-08-21T13:00:41","date_gmt":"2025-08-21T11:00:41","guid":{"rendered":"https:\/\/mentta.fastdelivery.es\/?post_type=product&#038;p=249645"},"modified":"2026-03-10T17:13:53","modified_gmt":"2026-03-10T16:13:53","slug":"galleta-barquillo-sabor-nata-150gr","status":"publish","type":"product","link":"https:\/\/mentta.fastdelivery.es\/index.php\/producto\/galleta-barquillo-sabor-nata-150gr\/","title":{"rendered":"Galleta Barquillo Sabor nata 150gr"},"content":{"rendered":"<p>Los Barquillos sabor nata Eliges 150g son galletas finas y crujientes con un delicado sabor a nata, ideales para acompa\u00f1ar caf\u00e9s o como un peque\u00f1o capricho dulce en cualquier momento.<\/p>\n<p>\u2705 Barquillos crujientes con sabor a nata<br \/>\n\u2705 Envase de 150 gramos<br \/>\n\u2705 Ideal para acompa\u00f1ar bebidas calientes<br \/>\n\u2705 Dulce y delicado<\/p>\n","protected":false},"excerpt":{"rendered":"<p>Galleta Barquillo sabor nata Eliges 150g, barquillos finos y crujientes con suave sabor a nata para un dulce placer.<\/p>\n","protected":false},"featured_media":249675,"comment_status":"open","ping_status":"closed","template":"","meta":[],"product_brand":[],"product_cat":[142,144],"product_tag":[],"class_list":{"0":"post-249645","1":"product","2":"type-product","3":"status-publish","4":"has-post-thumbnail","6":"product_cat-despensa","7":"product_cat-galletas","9":"first","10":"instock","11":"featured","12":"shipping-taxable","13":"purchasable","14":"product-type-simple"},"_links":{"self":[{"href":"https:\/\/mentta.fastdelivery.es\/index.php\/wp-json\/wp\/v2\/product\/249645","targetHints":{"allow":["GET"]}}],"collection":[{"href":"https:\/\/mentta.fastdelivery.es\/index.php\/wp-json\/wp\/v2\/product"}],"about":[{"href":"https:\/\/mentta.fastdelivery.es\/index.php\/wp-json\/wp\/v2\/types\/product"}],"replies":[{"embeddable":true,"href":"https:\/\/mentta.fastdelivery.es\/index.php\/wp-json\/wp\/v2\/comments?post=249645"}],"wp:featuredmedia":[{"embeddable":true,"href":"https:\/\/mentta.fastdelivery.es\/index.php\/wp-json\/wp\/v2\/media\/249675"}],"wp:attachment":[{"href":"https:\/\/mentta.fastdelivery.es\/index.php\/wp-json\/wp\/v2\/media?parent=249645"}],"wp:term":[{"taxonomy":"product_brand","embeddable":true,"href":"https:\/\/mentta.fastdelivery.es\/index.php\/wp-json\/wp\/v2\/product_brand?post=249645"},{"taxonomy":"product_cat","embeddable":true,"href":"https:\/\/mentta.fastdelivery.es\/index.php\/wp-json\/wp\/v2\/product_cat?post=249645"},{"taxonomy":"product_tag","embeddable":true,"href":"https:\/\/mentta.fastdelivery.es\/index.php\/wp-json\/wp\/v2\/product_tag?post=249645"}],"curies":[{"name":"wp","href":"https:\/\/api.w.org\/{rel}","templated":true}]}}