{"id":249647,"date":"2025-08-21T13:00:41","date_gmt":"2025-08-21T11:00:41","guid":{"rendered":"https:\/\/mentta.fastdelivery.es\/?post_type=product&#038;p=249647"},"modified":"2026-03-10T17:13:53","modified_gmt":"2026-03-10T16:13:53","slug":"panecillos-ajo-y-perejil-160gr","status":"publish","type":"product","link":"https:\/\/mentta.fastdelivery.es\/index.php\/producto\/panecillos-ajo-y-perejil-160gr\/","title":{"rendered":"Panecillos Ajo y perejil 160gr"},"content":{"rendered":"<p>Los Panecillos Ajo y Perejil Eliges 160g son panecillos artesanales con un toque arom\u00e1tico de ajo y perejil, ideales para acompa\u00f1ar comidas, tapas o preparar bocadillos con sabor mediterr\u00e1neo.<\/p>\n<p>\u2705 Panecillos arom\u00e1ticos con ajo y perejil<br \/>\n\u2705 Envase de 160 gramos<br \/>\n\u2705 Perfectos para acompa\u00f1ar comidas<br \/>\n\u2705 Sabor mediterr\u00e1neo<\/p>\n","protected":false},"excerpt":{"rendered":"<p>Panecillos con ajo y perejil Eliges 160g, panecillos arom\u00e1ticos y sabrosos para acompa\u00f1ar tus platos favoritos.<\/p>\n","protected":false},"featured_media":249677,"comment_status":"open","ping_status":"closed","template":"","meta":[],"product_brand":[],"product_cat":[142,164],"product_tag":[],"class_list":{"0":"post-249647","1":"product","2":"type-product","3":"status-publish","4":"has-post-thumbnail","6":"product_cat-despensa","7":"product_cat-panaderia-2","9":"first","10":"instock","11":"featured","12":"shipping-taxable","13":"purchasable","14":"product-type-simple"},"_links":{"self":[{"href":"https:\/\/mentta.fastdelivery.es\/index.php\/wp-json\/wp\/v2\/product\/249647","targetHints":{"allow":["GET"]}}],"collection":[{"href":"https:\/\/mentta.fastdelivery.es\/index.php\/wp-json\/wp\/v2\/product"}],"about":[{"href":"https:\/\/mentta.fastdelivery.es\/index.php\/wp-json\/wp\/v2\/types\/product"}],"replies":[{"embeddable":true,"href":"https:\/\/mentta.fastdelivery.es\/index.php\/wp-json\/wp\/v2\/comments?post=249647"}],"wp:featuredmedia":[{"embeddable":true,"href":"https:\/\/mentta.fastdelivery.es\/index.php\/wp-json\/wp\/v2\/media\/249677"}],"wp:attachment":[{"href":"https:\/\/mentta.fastdelivery.es\/index.php\/wp-json\/wp\/v2\/media?parent=249647"}],"wp:term":[{"taxonomy":"product_brand","embeddable":true,"href":"https:\/\/mentta.fastdelivery.es\/index.php\/wp-json\/wp\/v2\/product_brand?post=249647"},{"taxonomy":"product_cat","embeddable":true,"href":"https:\/\/mentta.fastdelivery.es\/index.php\/wp-json\/wp\/v2\/product_cat?post=249647"},{"taxonomy":"product_tag","embeddable":true,"href":"https:\/\/mentta.fastdelivery.es\/index.php\/wp-json\/wp\/v2\/product_tag?post=249647"}],"curies":[{"name":"wp","href":"https:\/\/api.w.org\/{rel}","templated":true}]}}