{"id":249651,"date":"2025-08-21T13:00:41","date_gmt":"2025-08-21T11:00:41","guid":{"rendered":"https:\/\/mentta.fastdelivery.es\/?post_type=product&#038;p=249651"},"modified":"2026-03-10T17:13:53","modified_gmt":"2026-03-10T16:13:53","slug":"sirope-de-caramelo-eliges-1-2l","status":"publish","type":"product","link":"https:\/\/mentta.fastdelivery.es\/index.php\/producto\/sirope-de-caramelo-eliges-1-2l\/","title":{"rendered":"Sirope de Caramelo Eliges 1.2L"},"content":{"rendered":"<p>El Sirope de Caramelo Eliges 2L es un sirope dulce y arom\u00e1tico con intenso sabor a caramelo, ideal para a\u00f1adir un toque especial a postres, bebidas y recetas de reposter\u00eda.<\/p>\n<p>\u2705 Sirope dulce de caramelo<br \/>\n\u2705 Envase grande de 2 litros<br \/>\n\u2705 Perfecto para postres y bebidas<br \/>\n\u2705 Sabor intenso y arom\u00e1tico<\/p>\n","protected":false},"excerpt":{"rendered":"<p>Sirope de caramelo Eliges 2L, sirope dulce con sabor a caramelo para postres, bebidas y reposter\u00eda.<\/p>\n","protected":false},"featured_media":249681,"comment_status":"open","ping_status":"closed","template":"","meta":[],"product_brand":[],"product_cat":[142,170],"product_tag":[],"class_list":{"0":"post-249651","1":"product","2":"type-product","3":"status-publish","4":"has-post-thumbnail","6":"product_cat-despensa","7":"product_cat-dulces-y-reposteria","9":"first","10":"instock","11":"featured","12":"shipping-taxable","13":"purchasable","14":"product-type-simple"},"_links":{"self":[{"href":"https:\/\/mentta.fastdelivery.es\/index.php\/wp-json\/wp\/v2\/product\/249651","targetHints":{"allow":["GET"]}}],"collection":[{"href":"https:\/\/mentta.fastdelivery.es\/index.php\/wp-json\/wp\/v2\/product"}],"about":[{"href":"https:\/\/mentta.fastdelivery.es\/index.php\/wp-json\/wp\/v2\/types\/product"}],"replies":[{"embeddable":true,"href":"https:\/\/mentta.fastdelivery.es\/index.php\/wp-json\/wp\/v2\/comments?post=249651"}],"wp:featuredmedia":[{"embeddable":true,"href":"https:\/\/mentta.fastdelivery.es\/index.php\/wp-json\/wp\/v2\/media\/249681"}],"wp:attachment":[{"href":"https:\/\/mentta.fastdelivery.es\/index.php\/wp-json\/wp\/v2\/media?parent=249651"}],"wp:term":[{"taxonomy":"product_brand","embeddable":true,"href":"https:\/\/mentta.fastdelivery.es\/index.php\/wp-json\/wp\/v2\/product_brand?post=249651"},{"taxonomy":"product_cat","embeddable":true,"href":"https:\/\/mentta.fastdelivery.es\/index.php\/wp-json\/wp\/v2\/product_cat?post=249651"},{"taxonomy":"product_tag","embeddable":true,"href":"https:\/\/mentta.fastdelivery.es\/index.php\/wp-json\/wp\/v2\/product_tag?post=249651"}],"curies":[{"name":"wp","href":"https:\/\/api.w.org\/{rel}","templated":true}]}}