{"id":249656,"date":"2025-08-21T13:00:42","date_gmt":"2025-08-21T11:00:42","guid":{"rendered":"https:\/\/mentta.fastdelivery.es\/?post_type=product&#038;p=249656"},"modified":"2026-03-10T17:13:53","modified_gmt":"2026-03-10T16:13:53","slug":"surtido-de-pastas-eliges-500gr","status":"publish","type":"product","link":"https:\/\/mentta.fastdelivery.es\/index.php\/producto\/surtido-de-pastas-eliges-500gr\/","title":{"rendered":"Surtido de Pastas Eliges 500gr"},"content":{"rendered":"<p>El Surtido de Pastas Eliges 500g ofrece una selecci\u00f3n de galletas dulces en diferentes formas y sabores, perfectas para compartir, acompa\u00f1ar infusiones o disfrutar en cualquier ocasi\u00f3n especial.<\/p>\n<p>\u2705 Variedad de pastas dulces<br \/>\n\u2705 Envase de 500 gramos<br \/>\n\u2705 Ideal para acompa\u00f1ar caf\u00e9s y t\u00e9s<br \/>\n\u2705 Galletas variadas para todos los gustos<\/p>\n","protected":false},"excerpt":{"rendered":"<p>Surtido de pastas Eliges 500g, variedad de galletas dulces perfectas para acompa\u00f1ar caf\u00e9s, meriendas o como detalle para invitados.<\/p>\n","protected":false},"featured_media":249686,"comment_status":"open","ping_status":"closed","template":"","meta":[],"product_brand":[],"product_cat":[142,170],"product_tag":[],"class_list":{"0":"post-249656","1":"product","2":"type-product","3":"status-publish","4":"has-post-thumbnail","6":"product_cat-despensa","7":"product_cat-dulces-y-reposteria","9":"first","10":"instock","11":"featured","12":"shipping-taxable","13":"purchasable","14":"product-type-simple"},"_links":{"self":[{"href":"https:\/\/mentta.fastdelivery.es\/index.php\/wp-json\/wp\/v2\/product\/249656","targetHints":{"allow":["GET"]}}],"collection":[{"href":"https:\/\/mentta.fastdelivery.es\/index.php\/wp-json\/wp\/v2\/product"}],"about":[{"href":"https:\/\/mentta.fastdelivery.es\/index.php\/wp-json\/wp\/v2\/types\/product"}],"replies":[{"embeddable":true,"href":"https:\/\/mentta.fastdelivery.es\/index.php\/wp-json\/wp\/v2\/comments?post=249656"}],"wp:featuredmedia":[{"embeddable":true,"href":"https:\/\/mentta.fastdelivery.es\/index.php\/wp-json\/wp\/v2\/media\/249686"}],"wp:attachment":[{"href":"https:\/\/mentta.fastdelivery.es\/index.php\/wp-json\/wp\/v2\/media?parent=249656"}],"wp:term":[{"taxonomy":"product_brand","embeddable":true,"href":"https:\/\/mentta.fastdelivery.es\/index.php\/wp-json\/wp\/v2\/product_brand?post=249656"},{"taxonomy":"product_cat","embeddable":true,"href":"https:\/\/mentta.fastdelivery.es\/index.php\/wp-json\/wp\/v2\/product_cat?post=249656"},{"taxonomy":"product_tag","embeddable":true,"href":"https:\/\/mentta.fastdelivery.es\/index.php\/wp-json\/wp\/v2\/product_tag?post=249656"}],"curies":[{"name":"wp","href":"https:\/\/api.w.org\/{rel}","templated":true}]}}