{"id":249658,"date":"2025-08-21T13:00:42","date_gmt":"2025-08-21T11:00:42","guid":{"rendered":"https:\/\/mentta.fastdelivery.es\/?post_type=product&#038;p=249658"},"modified":"2026-03-10T17:13:53","modified_gmt":"2026-03-10T16:13:53","slug":"infucion-menta-poleo-eliges-25u","status":"publish","type":"product","link":"https:\/\/mentta.fastdelivery.es\/index.php\/producto\/infucion-menta-poleo-eliges-25u\/","title":{"rendered":"Infucion MEnta Poleo Eliges 25U"},"content":{"rendered":"<p>La Infusi\u00f3n de Menta Poleo Eliges incluye 25 bolsitas individuales de una mezcla herbal refrescante y natural. Perfecta para despu\u00e9s de las comidas o como bebida relajante en cualquier momento del d\u00eda.<\/p>\n<p>\u2705 Infusi\u00f3n natural de menta y poleo<br \/>\n\u2705 Caja con 25 bolsitas<br \/>\n\u2705 Propiedades digestivas y refrescantes<br \/>\n\u2705 Apto para consumo diario<\/p>\n","protected":false},"excerpt":{"rendered":"<p>Infusi\u00f3n de menta poleo Eliges 25 unidades, t\u00e9 herbal con sabor refrescante y propiedades digestivas.<\/p>\n","protected":false},"featured_media":249688,"comment_status":"open","ping_status":"closed","template":"","meta":[],"product_brand":[],"product_cat":[142,171],"product_tag":[],"class_list":{"0":"post-249658","1":"product","2":"type-product","3":"status-publish","4":"has-post-thumbnail","6":"product_cat-despensa","7":"product_cat-infusiones","9":"first","10":"instock","11":"featured","12":"shipping-taxable","13":"purchasable","14":"product-type-simple"},"_links":{"self":[{"href":"https:\/\/mentta.fastdelivery.es\/index.php\/wp-json\/wp\/v2\/product\/249658","targetHints":{"allow":["GET"]}}],"collection":[{"href":"https:\/\/mentta.fastdelivery.es\/index.php\/wp-json\/wp\/v2\/product"}],"about":[{"href":"https:\/\/mentta.fastdelivery.es\/index.php\/wp-json\/wp\/v2\/types\/product"}],"replies":[{"embeddable":true,"href":"https:\/\/mentta.fastdelivery.es\/index.php\/wp-json\/wp\/v2\/comments?post=249658"}],"wp:featuredmedia":[{"embeddable":true,"href":"https:\/\/mentta.fastdelivery.es\/index.php\/wp-json\/wp\/v2\/media\/249688"}],"wp:attachment":[{"href":"https:\/\/mentta.fastdelivery.es\/index.php\/wp-json\/wp\/v2\/media?parent=249658"}],"wp:term":[{"taxonomy":"product_brand","embeddable":true,"href":"https:\/\/mentta.fastdelivery.es\/index.php\/wp-json\/wp\/v2\/product_brand?post=249658"},{"taxonomy":"product_cat","embeddable":true,"href":"https:\/\/mentta.fastdelivery.es\/index.php\/wp-json\/wp\/v2\/product_cat?post=249658"},{"taxonomy":"product_tag","embeddable":true,"href":"https:\/\/mentta.fastdelivery.es\/index.php\/wp-json\/wp\/v2\/product_tag?post=249658"}],"curies":[{"name":"wp","href":"https:\/\/api.w.org\/{rel}","templated":true}]}}