{"id":249661,"date":"2025-08-21T13:00:42","date_gmt":"2025-08-21T11:00:42","guid":{"rendered":"https:\/\/mentta.fastdelivery.es\/?post_type=product&#038;p=249661"},"modified":"2026-03-10T17:13:53","modified_gmt":"2026-03-10T16:13:53","slug":"cafe-espreso-intenso-eliges-16cap","status":"publish","type":"product","link":"https:\/\/mentta.fastdelivery.es\/index.php\/producto\/cafe-espreso-intenso-eliges-16cap\/","title":{"rendered":"Cafe Espreso Intenso Eliges 16cap"},"content":{"rendered":"<p>El Caf\u00e9 Espresso Intenso Eliges viene en un paquete de 16 c\u00e1psulas con un caf\u00e9 de sabor fuerte, cuerpo cremoso e intensidad equilibrada, perfecto para quienes disfrutan de un espresso potente.<\/p>\n<p>\u2705 16 c\u00e1psulas compatibles con Dolce Gusto\u00ae<br \/>\n\u2705 Sabor intenso y cuerpo cremoso<br \/>\n\u2705 Caf\u00e9 molido de alta calidad<br \/>\n\u2705 Ideal para espresso diario<\/p>\n","protected":false},"excerpt":{"rendered":"<p>Caf\u00e9 Espresso Intenso Eliges 16 c\u00e1psulas, sabor fuerte y cuerpo denso compatible con cafeteras Dolce Gusto.<\/p>\n","protected":false},"featured_media":249709,"comment_status":"open","ping_status":"closed","template":"","meta":[],"product_brand":[],"product_cat":[152,142],"product_tag":[],"class_list":{"0":"post-249661","1":"product","2":"type-product","3":"status-publish","4":"has-post-thumbnail","6":"product_cat-cafe","7":"product_cat-despensa","9":"first","10":"instock","11":"featured","12":"shipping-taxable","13":"purchasable","14":"product-type-simple"},"_links":{"self":[{"href":"https:\/\/mentta.fastdelivery.es\/index.php\/wp-json\/wp\/v2\/product\/249661","targetHints":{"allow":["GET"]}}],"collection":[{"href":"https:\/\/mentta.fastdelivery.es\/index.php\/wp-json\/wp\/v2\/product"}],"about":[{"href":"https:\/\/mentta.fastdelivery.es\/index.php\/wp-json\/wp\/v2\/types\/product"}],"replies":[{"embeddable":true,"href":"https:\/\/mentta.fastdelivery.es\/index.php\/wp-json\/wp\/v2\/comments?post=249661"}],"wp:featuredmedia":[{"embeddable":true,"href":"https:\/\/mentta.fastdelivery.es\/index.php\/wp-json\/wp\/v2\/media\/249709"}],"wp:attachment":[{"href":"https:\/\/mentta.fastdelivery.es\/index.php\/wp-json\/wp\/v2\/media?parent=249661"}],"wp:term":[{"taxonomy":"product_brand","embeddable":true,"href":"https:\/\/mentta.fastdelivery.es\/index.php\/wp-json\/wp\/v2\/product_brand?post=249661"},{"taxonomy":"product_cat","embeddable":true,"href":"https:\/\/mentta.fastdelivery.es\/index.php\/wp-json\/wp\/v2\/product_cat?post=249661"},{"taxonomy":"product_tag","embeddable":true,"href":"https:\/\/mentta.fastdelivery.es\/index.php\/wp-json\/wp\/v2\/product_tag?post=249661"}],"curies":[{"name":"wp","href":"https:\/\/api.w.org\/{rel}","templated":true}]}}