{"id":249662,"date":"2025-08-21T13:00:42","date_gmt":"2025-08-21T11:00:42","guid":{"rendered":"https:\/\/mentta.fastdelivery.es\/?post_type=product&#038;p=249662"},"modified":"2026-03-10T17:13:53","modified_gmt":"2026-03-10T16:13:53","slug":"cafe-con-leche-descafeinado-eliges-16cap","status":"publish","type":"product","link":"https:\/\/mentta.fastdelivery.es\/index.php\/producto\/cafe-con-leche-descafeinado-eliges-16cap\/","title":{"rendered":"Cafe con leche descafeinado Eliges 16cap"},"content":{"rendered":"<p>El Caf\u00e9 con Leche Descafeinado Eliges en c\u00e1psulas combina suavidad y cremosidad sin cafe\u00edna. Viene en un paquete de 16 c\u00e1psulas, compatible con Dolce Gusto\u00ae, ideal para disfrutar de un caf\u00e9 suave sin afectar el descanso.<\/p>\n<p>\u2705 16 c\u00e1psulas sin cafe\u00edna<br \/>\n\u2705 Compatibles con Dolce Gusto\u00ae<br \/>\n\u2705 Sabor suave con leche<br \/>\n\u2705 Ideal para consumir por la tarde o noche<\/p>\n","protected":false},"excerpt":{"rendered":"<p>Caf\u00e9 con leche descafeinado Eliges 16 c\u00e1psulas, bebida suave y cremosa sin cafe\u00edna, ideal para cualquier hora.<\/p>\n","protected":false},"featured_media":249710,"comment_status":"open","ping_status":"closed","template":"","meta":[],"product_brand":[],"product_cat":[152,142],"product_tag":[],"class_list":{"0":"post-249662","1":"product","2":"type-product","3":"status-publish","4":"has-post-thumbnail","6":"product_cat-cafe","7":"product_cat-despensa","9":"first","10":"instock","11":"featured","12":"shipping-taxable","13":"purchasable","14":"product-type-simple"},"_links":{"self":[{"href":"https:\/\/mentta.fastdelivery.es\/index.php\/wp-json\/wp\/v2\/product\/249662","targetHints":{"allow":["GET"]}}],"collection":[{"href":"https:\/\/mentta.fastdelivery.es\/index.php\/wp-json\/wp\/v2\/product"}],"about":[{"href":"https:\/\/mentta.fastdelivery.es\/index.php\/wp-json\/wp\/v2\/types\/product"}],"replies":[{"embeddable":true,"href":"https:\/\/mentta.fastdelivery.es\/index.php\/wp-json\/wp\/v2\/comments?post=249662"}],"wp:featuredmedia":[{"embeddable":true,"href":"https:\/\/mentta.fastdelivery.es\/index.php\/wp-json\/wp\/v2\/media\/249710"}],"wp:attachment":[{"href":"https:\/\/mentta.fastdelivery.es\/index.php\/wp-json\/wp\/v2\/media?parent=249662"}],"wp:term":[{"taxonomy":"product_brand","embeddable":true,"href":"https:\/\/mentta.fastdelivery.es\/index.php\/wp-json\/wp\/v2\/product_brand?post=249662"},{"taxonomy":"product_cat","embeddable":true,"href":"https:\/\/mentta.fastdelivery.es\/index.php\/wp-json\/wp\/v2\/product_cat?post=249662"},{"taxonomy":"product_tag","embeddable":true,"href":"https:\/\/mentta.fastdelivery.es\/index.php\/wp-json\/wp\/v2\/product_tag?post=249662"}],"curies":[{"name":"wp","href":"https:\/\/api.w.org\/{rel}","templated":true}]}}