{"id":249666,"date":"2025-08-21T13:00:42","date_gmt":"2025-08-21T11:00:42","guid":{"rendered":"https:\/\/mentta.fastdelivery.es\/?post_type=product&#038;p=249666"},"modified":"2026-03-10T17:13:53","modified_gmt":"2026-03-10T16:13:53","slug":"cafe-en-grano-mezcla-eliges-1kg","status":"publish","type":"product","link":"https:\/\/mentta.fastdelivery.es\/index.php\/producto\/cafe-en-grano-mezcla-eliges-1kg\/","title":{"rendered":"Cafe En grano Mezcla Eliges 1kg"},"content":{"rendered":"<p>El Caf\u00e9 en Grano Mezcla Eliges 1kg combina granos de caf\u00e9 ar\u00e1bica y robusta, ofreciendo un sabor redondo, equilibrado y con cuerpo medio. Ideal para moler al momento y preparar espressos o caf\u00e9s largos.<\/p>\n<p>\u2705 Mezcla de ar\u00e1bica y robusta<br \/>\n\u2705 En grano para moler fresco<br \/>\n\u2705 Sabor balanceado y cuerpo medio<br \/>\n\u2705 Formato econ\u00f3mico de 1kg<\/p>\n","protected":false},"excerpt":{"rendered":"<p>Caf\u00e9 en grano mezcla Eliges 1kg, combinaci\u00f3n de ar\u00e1bica y robusta con sabor equilibrado y cuerpo medio.<\/p>\n","protected":false},"featured_media":249714,"comment_status":"open","ping_status":"closed","template":"","meta":[],"product_brand":[],"product_cat":[152,142],"product_tag":[],"class_list":{"0":"post-249666","1":"product","2":"type-product","3":"status-publish","4":"has-post-thumbnail","6":"product_cat-cafe","7":"product_cat-despensa","9":"first","10":"instock","11":"featured","12":"shipping-taxable","13":"purchasable","14":"product-type-simple"},"_links":{"self":[{"href":"https:\/\/mentta.fastdelivery.es\/index.php\/wp-json\/wp\/v2\/product\/249666","targetHints":{"allow":["GET"]}}],"collection":[{"href":"https:\/\/mentta.fastdelivery.es\/index.php\/wp-json\/wp\/v2\/product"}],"about":[{"href":"https:\/\/mentta.fastdelivery.es\/index.php\/wp-json\/wp\/v2\/types\/product"}],"replies":[{"embeddable":true,"href":"https:\/\/mentta.fastdelivery.es\/index.php\/wp-json\/wp\/v2\/comments?post=249666"}],"wp:featuredmedia":[{"embeddable":true,"href":"https:\/\/mentta.fastdelivery.es\/index.php\/wp-json\/wp\/v2\/media\/249714"}],"wp:attachment":[{"href":"https:\/\/mentta.fastdelivery.es\/index.php\/wp-json\/wp\/v2\/media?parent=249666"}],"wp:term":[{"taxonomy":"product_brand","embeddable":true,"href":"https:\/\/mentta.fastdelivery.es\/index.php\/wp-json\/wp\/v2\/product_brand?post=249666"},{"taxonomy":"product_cat","embeddable":true,"href":"https:\/\/mentta.fastdelivery.es\/index.php\/wp-json\/wp\/v2\/product_cat?post=249666"},{"taxonomy":"product_tag","embeddable":true,"href":"https:\/\/mentta.fastdelivery.es\/index.php\/wp-json\/wp\/v2\/product_tag?post=249666"}],"curies":[{"name":"wp","href":"https:\/\/api.w.org\/{rel}","templated":true}]}}