{"id":249667,"date":"2025-08-21T13:00:42","date_gmt":"2025-08-21T11:00:42","guid":{"rendered":"https:\/\/mentta.fastdelivery.es\/?post_type=product&#038;p=249667"},"modified":"2026-03-10T17:13:53","modified_gmt":"2026-03-10T16:13:53","slug":"cafe-lungo-eliges-16cap","status":"publish","type":"product","link":"https:\/\/mentta.fastdelivery.es\/index.php\/producto\/cafe-lungo-eliges-16cap\/","title":{"rendered":"Cafe Lungo Eliges 16cap"},"content":{"rendered":"<p>El Caf\u00e9 Lungo Eliges 16 c\u00e1psulas es perfecto para quienes prefieren un caf\u00e9 largo y suave con una buena capa de crema. Compatible con cafeteras Dolce Gusto\u00ae, ofrece una bebida equilibrada y arom\u00e1tica.<\/p>\n<p>\u2705 Caf\u00e9 largo tipo lungo<br \/>\n\u2705 16 c\u00e1psulas compatibles con Dolce Gusto\u00ae<br \/>\n\u2705 Sabor suave y agradable<br \/>\n\u2705 Ideal para el desayuno o media ma\u00f1ana<\/p>\n","protected":false},"excerpt":{"rendered":"<p>Caf\u00e9 lungo Eliges 16 c\u00e1psulas, caf\u00e9 largo de sabor suave y arom\u00e1tico compatible con Dolce Gusto\u00ae.<\/p>\n","protected":false},"featured_media":249715,"comment_status":"open","ping_status":"closed","template":"","meta":[],"product_brand":[],"product_cat":[152,142],"product_tag":[],"class_list":{"0":"post-249667","1":"product","2":"type-product","3":"status-publish","4":"has-post-thumbnail","6":"product_cat-cafe","7":"product_cat-despensa","9":"first","10":"instock","11":"featured","12":"shipping-taxable","13":"purchasable","14":"product-type-simple"},"_links":{"self":[{"href":"https:\/\/mentta.fastdelivery.es\/index.php\/wp-json\/wp\/v2\/product\/249667","targetHints":{"allow":["GET"]}}],"collection":[{"href":"https:\/\/mentta.fastdelivery.es\/index.php\/wp-json\/wp\/v2\/product"}],"about":[{"href":"https:\/\/mentta.fastdelivery.es\/index.php\/wp-json\/wp\/v2\/types\/product"}],"replies":[{"embeddable":true,"href":"https:\/\/mentta.fastdelivery.es\/index.php\/wp-json\/wp\/v2\/comments?post=249667"}],"wp:featuredmedia":[{"embeddable":true,"href":"https:\/\/mentta.fastdelivery.es\/index.php\/wp-json\/wp\/v2\/media\/249715"}],"wp:attachment":[{"href":"https:\/\/mentta.fastdelivery.es\/index.php\/wp-json\/wp\/v2\/media?parent=249667"}],"wp:term":[{"taxonomy":"product_brand","embeddable":true,"href":"https:\/\/mentta.fastdelivery.es\/index.php\/wp-json\/wp\/v2\/product_brand?post=249667"},{"taxonomy":"product_cat","embeddable":true,"href":"https:\/\/mentta.fastdelivery.es\/index.php\/wp-json\/wp\/v2\/product_cat?post=249667"},{"taxonomy":"product_tag","embeddable":true,"href":"https:\/\/mentta.fastdelivery.es\/index.php\/wp-json\/wp\/v2\/product_tag?post=249667"}],"curies":[{"name":"wp","href":"https:\/\/api.w.org\/{rel}","templated":true}]}}