{"id":249690,"date":"2025-08-21T13:01:02","date_gmt":"2025-08-21T11:01:02","guid":{"rendered":"https:\/\/mentta.fastdelivery.es\/?post_type=product&#038;p=249690"},"modified":"2026-03-10T17:13:53","modified_gmt":"2026-03-10T16:13:53","slug":"crema-de-cacahuete-crunchy-100-eliges","status":"publish","type":"product","link":"https:\/\/mentta.fastdelivery.es\/index.php\/producto\/crema-de-cacahuete-crunchy-100-eliges\/","title":{"rendered":"Crema de Cacahuete crunchy 100% Eliges"},"content":{"rendered":"<p>La Crema de Cacahuete Crunchy 100% Eliges est\u00e1 elaborada solo con cacahuetes tostados, sin az\u00facares ni conservantes a\u00f1adidos. Su textura crujiente la hace perfecta para untar o a\u00f1adir a batidos y recetas fitness.<\/p>\n<p>\u2705 100% cacahuete, sin aditivos<br \/>\n\u2705 Con trozos crujientes<br \/>\n\u2705 Fuente de prote\u00edna natural<br \/>\n\u2705 Ideal para snacks o postres saludables<\/p>\n","protected":false},"excerpt":{"rendered":"<p>Crema de cacahuete crunchy 100% Eliges, sin az\u00facares ni aditivos, con trocitos para mayor textura.<\/p>\n","protected":false},"featured_media":249717,"comment_status":"open","ping_status":"closed","template":"","meta":[],"product_brand":[],"product_cat":[142,170],"product_tag":[],"class_list":{"0":"post-249690","1":"product","2":"type-product","3":"status-publish","4":"has-post-thumbnail","6":"product_cat-despensa","7":"product_cat-dulces-y-reposteria","9":"first","10":"instock","11":"featured","12":"shipping-taxable","13":"purchasable","14":"product-type-simple"},"_links":{"self":[{"href":"https:\/\/mentta.fastdelivery.es\/index.php\/wp-json\/wp\/v2\/product\/249690","targetHints":{"allow":["GET"]}}],"collection":[{"href":"https:\/\/mentta.fastdelivery.es\/index.php\/wp-json\/wp\/v2\/product"}],"about":[{"href":"https:\/\/mentta.fastdelivery.es\/index.php\/wp-json\/wp\/v2\/types\/product"}],"replies":[{"embeddable":true,"href":"https:\/\/mentta.fastdelivery.es\/index.php\/wp-json\/wp\/v2\/comments?post=249690"}],"wp:featuredmedia":[{"embeddable":true,"href":"https:\/\/mentta.fastdelivery.es\/index.php\/wp-json\/wp\/v2\/media\/249717"}],"wp:attachment":[{"href":"https:\/\/mentta.fastdelivery.es\/index.php\/wp-json\/wp\/v2\/media?parent=249690"}],"wp:term":[{"taxonomy":"product_brand","embeddable":true,"href":"https:\/\/mentta.fastdelivery.es\/index.php\/wp-json\/wp\/v2\/product_brand?post=249690"},{"taxonomy":"product_cat","embeddable":true,"href":"https:\/\/mentta.fastdelivery.es\/index.php\/wp-json\/wp\/v2\/product_cat?post=249690"},{"taxonomy":"product_tag","embeddable":true,"href":"https:\/\/mentta.fastdelivery.es\/index.php\/wp-json\/wp\/v2\/product_tag?post=249690"}],"curies":[{"name":"wp","href":"https:\/\/api.w.org\/{rel}","templated":true}]}}