{"id":249694,"date":"2025-08-21T13:01:03","date_gmt":"2025-08-21T11:01:03","guid":{"rendered":"https:\/\/mentta.fastdelivery.es\/?post_type=product&#038;p=249694"},"modified":"2026-03-10T17:13:53","modified_gmt":"2026-03-10T16:13:53","slug":"cafe-en-grano-natural-descafeinado-eliges-1kg","status":"publish","type":"product","link":"https:\/\/mentta.fastdelivery.es\/index.php\/producto\/cafe-en-grano-natural-descafeinado-eliges-1kg\/","title":{"rendered":"Cafe en Grano natural descafeinado Eliges 1kg"},"content":{"rendered":"<p>Disfruta del aut\u00e9ntico sabor del caf\u00e9 con el Caf\u00e9 en Grano Natural Descafeinado Eliges 1kg. Tostado de manera natural, sin cafe\u00edna y con un aroma equilibrado, es ideal para quienes buscan calidad sin renunciar al descanso.<\/p>\n<p>\u2705 100% caf\u00e9 natural descafeinado<br \/>\n\u2705 En grano: para moler al momento<br \/>\n\u2705 Sabor intenso y sin cafe\u00edna<br \/>\n\u2705 Formato ahorro de 1kg<\/p>\n","protected":false},"excerpt":{"rendered":"<p>Caf\u00e9 en grano natural descafeinado Eliges 1kg, sabor aut\u00e9ntico sin cafe\u00edna, ideal para moler al gusto.<\/p>\n","protected":false},"featured_media":249721,"comment_status":"open","ping_status":"closed","template":"","meta":[],"product_brand":[],"product_cat":[152,142],"product_tag":[],"class_list":{"0":"post-249694","1":"product","2":"type-product","3":"status-publish","4":"has-post-thumbnail","6":"product_cat-cafe","7":"product_cat-despensa","9":"first","10":"instock","11":"featured","12":"shipping-taxable","13":"purchasable","14":"product-type-simple"},"_links":{"self":[{"href":"https:\/\/mentta.fastdelivery.es\/index.php\/wp-json\/wp\/v2\/product\/249694","targetHints":{"allow":["GET"]}}],"collection":[{"href":"https:\/\/mentta.fastdelivery.es\/index.php\/wp-json\/wp\/v2\/product"}],"about":[{"href":"https:\/\/mentta.fastdelivery.es\/index.php\/wp-json\/wp\/v2\/types\/product"}],"replies":[{"embeddable":true,"href":"https:\/\/mentta.fastdelivery.es\/index.php\/wp-json\/wp\/v2\/comments?post=249694"}],"wp:featuredmedia":[{"embeddable":true,"href":"https:\/\/mentta.fastdelivery.es\/index.php\/wp-json\/wp\/v2\/media\/249721"}],"wp:attachment":[{"href":"https:\/\/mentta.fastdelivery.es\/index.php\/wp-json\/wp\/v2\/media?parent=249694"}],"wp:term":[{"taxonomy":"product_brand","embeddable":true,"href":"https:\/\/mentta.fastdelivery.es\/index.php\/wp-json\/wp\/v2\/product_brand?post=249694"},{"taxonomy":"product_cat","embeddable":true,"href":"https:\/\/mentta.fastdelivery.es\/index.php\/wp-json\/wp\/v2\/product_cat?post=249694"},{"taxonomy":"product_tag","embeddable":true,"href":"https:\/\/mentta.fastdelivery.es\/index.php\/wp-json\/wp\/v2\/product_tag?post=249694"}],"curies":[{"name":"wp","href":"https:\/\/api.w.org\/{rel}","templated":true}]}}