{"id":249695,"date":"2025-08-21T13:01:03","date_gmt":"2025-08-21T11:01:03","guid":{"rendered":"https:\/\/mentta.fastdelivery.es\/?post_type=product&#038;p=249695"},"modified":"2026-03-10T17:13:53","modified_gmt":"2026-03-10T16:13:53","slug":"crema-de-cacahuetes-eliges-100-eliges-500gr","status":"publish","type":"product","link":"https:\/\/mentta.fastdelivery.es\/index.php\/producto\/crema-de-cacahuetes-eliges-100-eliges-500gr\/","title":{"rendered":"Crema de Cacahuetes Eliges 100% Eliges 500gr"},"content":{"rendered":"<p>La Crema de Cacahuete 100% Eliges 500g est\u00e1 elaborada exclusivamente con cacahuetes tostados, sin az\u00facares a\u00f1adidos, sin sal ni aceites. Fuente de energ\u00eda y prote\u00ednas, ideal para snacks saludables y recetas fitness.<\/p>\n<p>\u2705 100% cacahuetes tostados<br \/>\n\u2705 Sin az\u00facar ni aditivos<br \/>\n\u2705 Rica en prote\u00edna vegetal<br \/>\n\u2705 Textura cremosa y natural<\/p>\n","protected":false},"excerpt":{"rendered":"<p>Crema de cacahuete 100% Eliges 500g, sin az\u00facares ni aditivos, rica en prote\u00ednas y sabor natural.<\/p>\n","protected":false},"featured_media":249722,"comment_status":"open","ping_status":"closed","template":"","meta":[],"product_brand":[],"product_cat":[142,170],"product_tag":[],"class_list":{"0":"post-249695","1":"product","2":"type-product","3":"status-publish","4":"has-post-thumbnail","6":"product_cat-despensa","7":"product_cat-dulces-y-reposteria","9":"first","10":"instock","11":"featured","12":"shipping-taxable","13":"purchasable","14":"product-type-simple"},"_links":{"self":[{"href":"https:\/\/mentta.fastdelivery.es\/index.php\/wp-json\/wp\/v2\/product\/249695","targetHints":{"allow":["GET"]}}],"collection":[{"href":"https:\/\/mentta.fastdelivery.es\/index.php\/wp-json\/wp\/v2\/product"}],"about":[{"href":"https:\/\/mentta.fastdelivery.es\/index.php\/wp-json\/wp\/v2\/types\/product"}],"replies":[{"embeddable":true,"href":"https:\/\/mentta.fastdelivery.es\/index.php\/wp-json\/wp\/v2\/comments?post=249695"}],"wp:featuredmedia":[{"embeddable":true,"href":"https:\/\/mentta.fastdelivery.es\/index.php\/wp-json\/wp\/v2\/media\/249722"}],"wp:attachment":[{"href":"https:\/\/mentta.fastdelivery.es\/index.php\/wp-json\/wp\/v2\/media?parent=249695"}],"wp:term":[{"taxonomy":"product_brand","embeddable":true,"href":"https:\/\/mentta.fastdelivery.es\/index.php\/wp-json\/wp\/v2\/product_brand?post=249695"},{"taxonomy":"product_cat","embeddable":true,"href":"https:\/\/mentta.fastdelivery.es\/index.php\/wp-json\/wp\/v2\/product_cat?post=249695"},{"taxonomy":"product_tag","embeddable":true,"href":"https:\/\/mentta.fastdelivery.es\/index.php\/wp-json\/wp\/v2\/product_tag?post=249695"}],"curies":[{"name":"wp","href":"https:\/\/api.w.org\/{rel}","templated":true}]}}