{"id":249696,"date":"2025-08-21T13:01:03","date_gmt":"2025-08-21T11:01:03","guid":{"rendered":"https:\/\/mentta.fastdelivery.es\/?post_type=product&#038;p=249696"},"modified":"2026-03-10T17:13:53","modified_gmt":"2026-03-10T16:13:53","slug":"te-verde-eliges-25ud","status":"publish","type":"product","link":"https:\/\/mentta.fastdelivery.es\/index.php\/producto\/te-verde-eliges-25ud\/","title":{"rendered":"Te verde Eliges 25ud"},"content":{"rendered":"<p>El T\u00e9 Verde Eliges contiene 25 bolsitas individuales con hojas seleccionadas, ricas en antioxidantes. Disfr\u00fatalo caliente o fr\u00edo y aprovecha sus beneficios saludables en cualquier momento del d\u00eda.<\/p>\n<p>\u2705 25 infusiones de t\u00e9 verde<br \/>\n\u2705 Alto contenido en antioxidantes<br \/>\n\u2705 Sabor delicado y refrescante<br \/>\n\u2705 Ideal para una dieta equilibrada<\/p>\n","protected":false},"excerpt":{"rendered":"<p>T\u00e9 verde Eliges 25 bolsitas, antioxidante natural con sabor suave, ideal para tomar caliente o fr\u00edo.<\/p>\n","protected":false},"featured_media":249723,"comment_status":"open","ping_status":"closed","template":"","meta":[],"product_brand":[],"product_cat":[142,171],"product_tag":[],"class_list":{"0":"post-249696","1":"product","2":"type-product","3":"status-publish","4":"has-post-thumbnail","6":"product_cat-despensa","7":"product_cat-infusiones","9":"first","10":"instock","11":"featured","12":"shipping-taxable","13":"purchasable","14":"product-type-simple"},"_links":{"self":[{"href":"https:\/\/mentta.fastdelivery.es\/index.php\/wp-json\/wp\/v2\/product\/249696","targetHints":{"allow":["GET"]}}],"collection":[{"href":"https:\/\/mentta.fastdelivery.es\/index.php\/wp-json\/wp\/v2\/product"}],"about":[{"href":"https:\/\/mentta.fastdelivery.es\/index.php\/wp-json\/wp\/v2\/types\/product"}],"replies":[{"embeddable":true,"href":"https:\/\/mentta.fastdelivery.es\/index.php\/wp-json\/wp\/v2\/comments?post=249696"}],"wp:featuredmedia":[{"embeddable":true,"href":"https:\/\/mentta.fastdelivery.es\/index.php\/wp-json\/wp\/v2\/media\/249723"}],"wp:attachment":[{"href":"https:\/\/mentta.fastdelivery.es\/index.php\/wp-json\/wp\/v2\/media?parent=249696"}],"wp:term":[{"taxonomy":"product_brand","embeddable":true,"href":"https:\/\/mentta.fastdelivery.es\/index.php\/wp-json\/wp\/v2\/product_brand?post=249696"},{"taxonomy":"product_cat","embeddable":true,"href":"https:\/\/mentta.fastdelivery.es\/index.php\/wp-json\/wp\/v2\/product_cat?post=249696"},{"taxonomy":"product_tag","embeddable":true,"href":"https:\/\/mentta.fastdelivery.es\/index.php\/wp-json\/wp\/v2\/product_tag?post=249696"}],"curies":[{"name":"wp","href":"https:\/\/api.w.org\/{rel}","templated":true}]}}