{"id":249701,"date":"2025-08-21T13:01:03","date_gmt":"2025-08-21T11:01:03","guid":{"rendered":"https:\/\/mentta.fastdelivery.es\/?post_type=product&#038;p=249701"},"modified":"2026-03-10T17:13:53","modified_gmt":"2026-03-10T16:13:53","slug":"te-manzanilla-con-anis-eliges-25ud","status":"publish","type":"product","link":"https:\/\/mentta.fastdelivery.es\/index.php\/producto\/te-manzanilla-con-anis-eliges-25ud\/","title":{"rendered":"Te Manzanilla con Anis Eliges 25ud"},"content":{"rendered":"<p>El T\u00e9 Manzanilla con An\u00eds Eliges incluye 25 bolsitas con una mezcla calmante y digestiva. Combinando las propiedades relajantes de la manzanilla y el efecto carminativo del an\u00eds, es perfecto para despu\u00e9s de las comidas.<\/p>\n<p>\u2705 25 bolsitas individuales<br \/>\n\u2705 Infusi\u00f3n natural y arom\u00e1tica<br \/>\n\u2705 Ayuda a la digesti\u00f3n<br \/>\n\u2705 Ideal para despu\u00e9s de comer<\/p>\n","protected":false},"excerpt":{"rendered":"<p>T\u00e9 de manzanilla con an\u00eds Eliges 25 bolsitas, infusi\u00f3n digestiva y reconfortante con sabor suave.<\/p>\n","protected":false},"featured_media":249728,"comment_status":"open","ping_status":"closed","template":"","meta":[],"product_brand":[],"product_cat":[142,171],"product_tag":[],"class_list":{"0":"post-249701","1":"product","2":"type-product","3":"status-publish","4":"has-post-thumbnail","6":"product_cat-despensa","7":"product_cat-infusiones","9":"first","10":"instock","11":"featured","12":"shipping-taxable","13":"purchasable","14":"product-type-simple"},"_links":{"self":[{"href":"https:\/\/mentta.fastdelivery.es\/index.php\/wp-json\/wp\/v2\/product\/249701","targetHints":{"allow":["GET"]}}],"collection":[{"href":"https:\/\/mentta.fastdelivery.es\/index.php\/wp-json\/wp\/v2\/product"}],"about":[{"href":"https:\/\/mentta.fastdelivery.es\/index.php\/wp-json\/wp\/v2\/types\/product"}],"replies":[{"embeddable":true,"href":"https:\/\/mentta.fastdelivery.es\/index.php\/wp-json\/wp\/v2\/comments?post=249701"}],"wp:featuredmedia":[{"embeddable":true,"href":"https:\/\/mentta.fastdelivery.es\/index.php\/wp-json\/wp\/v2\/media\/249728"}],"wp:attachment":[{"href":"https:\/\/mentta.fastdelivery.es\/index.php\/wp-json\/wp\/v2\/media?parent=249701"}],"wp:term":[{"taxonomy":"product_brand","embeddable":true,"href":"https:\/\/mentta.fastdelivery.es\/index.php\/wp-json\/wp\/v2\/product_brand?post=249701"},{"taxonomy":"product_cat","embeddable":true,"href":"https:\/\/mentta.fastdelivery.es\/index.php\/wp-json\/wp\/v2\/product_cat?post=249701"},{"taxonomy":"product_tag","embeddable":true,"href":"https:\/\/mentta.fastdelivery.es\/index.php\/wp-json\/wp\/v2\/product_tag?post=249701"}],"curies":[{"name":"wp","href":"https:\/\/api.w.org\/{rel}","templated":true}]}}