{"id":249706,"date":"2025-08-21T13:01:03","date_gmt":"2025-08-21T11:01:03","guid":{"rendered":"https:\/\/mentta.fastdelivery.es\/?post_type=product&#038;p=249706"},"modified":"2026-03-10T17:13:53","modified_gmt":"2026-03-10T16:13:53","slug":"te-rojo-eliges-25ud","status":"publish","type":"product","link":"https:\/\/mentta.fastdelivery.es\/index.php\/producto\/te-rojo-eliges-25ud\/","title":{"rendered":"Te Rojo Eliges 25ud"},"content":{"rendered":"<h3 data-start=\"521\" data-end=\"595\">T\u00e9 Rojo Eliges 25ud \u2013 Infusi\u00f3n digestiva y natural en formato pr\u00e1ctico<\/h3>\n<p data-start=\"597\" data-end=\"1008\">El <strong data-start=\"600\" data-end=\"623\">T\u00e9 Rojo Eliges 25ud<\/strong> es una infusi\u00f3n conocida por su sabor intenso y sus propiedades digestivas y antioxidantes. Ideal para quienes buscan una bebida reconfortante que adem\u00e1s ayude a cuidar el organismo. El t\u00e9 rojo es apreciado por su efecto depurativo y su capacidad para favorecer el metabolismo, convirti\u00e9ndose en una opci\u00f3n habitual para despu\u00e9s de las comidas o como parte de una rutina de bienestar.<\/p>\n<p data-start=\"1010\" data-end=\"1289\">Presentado en un pr\u00e1ctico formato de 25 bolsitas individuales, este producto permite disfrutar de una infusi\u00f3n equilibrada en cualquier momento del d\u00eda, tanto caliente como fr\u00eda. La marca Eliges ofrece una alternativa econ\u00f3mica sin renunciar a la calidad ni al sabor tradicional.<\/p>\n<ul>\n<li data-start=\"1320\" data-end=\"1359\">\n<p data-start=\"1322\" data-end=\"1359\"><strong data-start=\"1322\" data-end=\"1333\">Formato<\/strong>: 25 bolsitas individuales<\/p>\n<\/li>\n<li data-start=\"1360\" data-end=\"1388\">\n<p data-start=\"1362\" data-end=\"1388\"><strong data-start=\"1362\" data-end=\"1370\">Tipo<\/strong>: t\u00e9 rojo (Pu-erh)<\/p>\n<\/li>\n<li data-start=\"1389\" data-end=\"1419\">\n<p data-start=\"1391\" data-end=\"1419\"><strong data-start=\"1391\" data-end=\"1400\">Sabor<\/strong>: intenso y terroso<\/p>\n<\/li>\n<li data-start=\"1420\" data-end=\"1473\">\n<p data-start=\"1422\" data-end=\"1473\"><strong data-start=\"1422\" data-end=\"1436\">Beneficios<\/strong>: digestivo, depurativo, antioxidante<\/p>\n<\/li>\n<li data-start=\"1474\" data-end=\"1537\">\n<p data-start=\"1476\" data-end=\"1537\"><strong data-start=\"1476\" data-end=\"1499\">Modo de preparaci\u00f3n<\/strong>: 3-5 minutos en agua caliente (90\u202f\u00b0C)<\/p>\n<\/li>\n<li data-start=\"1538\" data-end=\"1599\">\n<p data-start=\"1540\" data-end=\"1599\"><strong data-start=\"1540\" data-end=\"1554\">Ideal para<\/strong>: despu\u00e9s de las comidas o como bebida diaria<\/p>\n<\/li>\n<li data-start=\"1600\" data-end=\"1643\">\n<p data-start=\"1602\" data-end=\"1643\"><strong data-start=\"1602\" data-end=\"1611\">Marca<\/strong>: Eliges \u2013 calidad a buen precio<\/p>\n<\/li>\n<li data-start=\"1644\" data-end=\"1697\">\n<p data-start=\"1646\" data-end=\"1697\"><strong data-start=\"1646\" data-end=\"1662\">Presentaci\u00f3n<\/strong>: caja compacta, f\u00e1cil de almacenar<\/p>\n<\/li>\n<\/ul>\n","protected":false},"excerpt":{"rendered":"<p><strong data-start=\"276\" data-end=\"299\">T\u00e9 Rojo Eliges 25ud<\/strong>, infusi\u00f3n natural con sabor intenso y propiedades digestivas. Ideal para tomar caliente o fr\u00edo. Calidad accesible en pr\u00e1cticos sobres individuales.<\/p>\n","protected":false},"featured_media":249733,"comment_status":"open","ping_status":"closed","template":"","meta":[],"product_brand":[],"product_cat":[142,171],"product_tag":[],"class_list":{"0":"post-249706","1":"product","2":"type-product","3":"status-publish","4":"has-post-thumbnail","6":"product_cat-despensa","7":"product_cat-infusiones","9":"first","10":"instock","11":"featured","12":"shipping-taxable","13":"purchasable","14":"product-type-simple"},"_links":{"self":[{"href":"https:\/\/mentta.fastdelivery.es\/index.php\/wp-json\/wp\/v2\/product\/249706","targetHints":{"allow":["GET"]}}],"collection":[{"href":"https:\/\/mentta.fastdelivery.es\/index.php\/wp-json\/wp\/v2\/product"}],"about":[{"href":"https:\/\/mentta.fastdelivery.es\/index.php\/wp-json\/wp\/v2\/types\/product"}],"replies":[{"embeddable":true,"href":"https:\/\/mentta.fastdelivery.es\/index.php\/wp-json\/wp\/v2\/comments?post=249706"}],"wp:featuredmedia":[{"embeddable":true,"href":"https:\/\/mentta.fastdelivery.es\/index.php\/wp-json\/wp\/v2\/media\/249733"}],"wp:attachment":[{"href":"https:\/\/mentta.fastdelivery.es\/index.php\/wp-json\/wp\/v2\/media?parent=249706"}],"wp:term":[{"taxonomy":"product_brand","embeddable":true,"href":"https:\/\/mentta.fastdelivery.es\/index.php\/wp-json\/wp\/v2\/product_brand?post=249706"},{"taxonomy":"product_cat","embeddable":true,"href":"https:\/\/mentta.fastdelivery.es\/index.php\/wp-json\/wp\/v2\/product_cat?post=249706"},{"taxonomy":"product_tag","embeddable":true,"href":"https:\/\/mentta.fastdelivery.es\/index.php\/wp-json\/wp\/v2\/product_tag?post=249706"}],"curies":[{"name":"wp","href":"https:\/\/api.w.org\/{rel}","templated":true}]}}